{"id":245,"date":"2018-10-28T17:04:26","date_gmt":"2018-10-28T14:04:26","guid":{"rendered":"https:\/\/orkoltd.com.tr\/ew\/?page_id=245"},"modified":"2025-03-21T17:36:35","modified_gmt":"2025-03-21T14:36:35","slug":"home","status":"publish","type":"page","link":"https:\/\/www.orkoltd.com.tr\/ew\/","title":{"rendered":"Giri\u015f"},"content":{"rendered":"<div class=\"wpb-content-wrapper\"><p>[vc_row row_type=&#8221;row&#8221; use_row_as_full_screen_section=&#8221;no&#8221; type=&#8221;full_width&#8221; text_align=&#8221;left&#8221; background_animation=&#8221;none&#8221; css_animation=&#8221;&#8221;][vc_column][vc_empty_space height=&#8221;30px&#8221;][\/vc_column][\/vc_row][vc_row row_type=&#8221;row&#8221; use_row_as_full_screen_section=&#8221;no&#8221; type=&#8221;full_width&#8221; text_align=&#8221;left&#8221; background_animation=&#8221;none&#8221; css_animation=&#8221;&#8221;][vc_column]<div class='qode_carousels_holder clearfix two_rows with_space'><div class='qode_carousels '  data-number_of_items = 3><ul class='slides'><li class='item'><div class=\"carousel_item_holder\"><a href='https:\/\/www.ar.ametek-cts.com' target='_self'><span class='first_image_holder '><img src='https:\/\/orkoltd.com.tr\/ew\/wp-content\/uploads\/2024\/03\/ar-ametek-logo.webp' alt='AMETEK-AR'><\/span><\/a><\/div><div class=\"carousel_item_holder\"><a href='https:\/\/www.montena.com' target='_self'><span class='first_image_holder '><img src='https:\/\/orkoltd.com.tr\/ew\/wp-content\/uploads\/2019\/01\/montena-logo.jpg' alt='Montena'><\/span><\/a><\/div><\/li><li class='item'><div class=\"carousel_item_holder\"><a href='https:\/\/pacificpower.com' target='_self'><span class='first_image_holder '><img src='https:\/\/orkoltd.com.tr\/ew\/wp-content\/uploads\/2023\/02\/PPS-logo.png' alt='Pacific Power Source'><\/span><\/a><\/div><div class=\"carousel_item_holder\"><a href='https:\/\/aetechron.com' target='_self'><span class='first_image_holder '><img src='https:\/\/orkoltd.com.tr\/ew\/wp-content\/uploads\/2019\/01\/aetechron-logo.jpg' alt='AETechron'><\/span><\/a><\/div><\/li><li class='item'><div class=\"carousel_item_holder\"><a href='https:\/\/www.siepel.com' target='_self'><span class='first_image_holder '><img src='https:\/\/orkoltd.com.tr\/ew\/wp-content\/uploads\/2019\/01\/seipel-logo.jpg' alt='Siepel'><\/span><\/a><\/div><div class=\"carousel_item_holder\"><a href='https:\/\/www.shieldex.de\/en-us\/' target='_self'><span class='first_image_holder '><img src='https:\/\/orkoltd.com.tr\/ew\/wp-content\/uploads\/2025\/03\/Shieldex-logo.png' alt='Shieldex'><\/span><\/a><\/div><\/li><li class='item'><div class=\"carousel_item_holder\"><a href='https:\/\/www.aracion.com' target='_self'><span class='first_image_holder '><img src='https:\/\/orkoltd.com.tr\/ew\/wp-content\/uploads\/2025\/03\/Aracion-logo.png' alt='Aracion'><\/span><\/a><\/div><div class=\"carousel_item_holder\"><a href='https:\/\/www.viavisolutions.com\/en-us' target='_self'><span class='first_image_holder '><img src='https:\/\/orkoltd.com.tr\/ew\/wp-content\/uploads\/2019\/01\/viavi-logo.jpg' alt='VIAVI'><\/span><\/a><\/div><\/li><li class='item'><div class=\"carousel_item_holder\"><a href='https:\/\/www.jfwindustries.com' target='_self'><span class='first_image_holder '><img src='https:\/\/orkoltd.com.tr\/ew\/wp-content\/uploads\/2019\/01\/jfw-logo.jpg' alt='JFW'><\/span><\/a><\/div><div class=\"carousel_item_holder\"><a href='https:\/\/www.ideal-aerosmith.com' target='_self'><span class='first_image_holder '><img src='https:\/\/orkoltd.com.tr\/ew\/wp-content\/uploads\/2019\/01\/ideal-aerosmith-logo.jpg' alt='IDEAL AEROSMITH'><\/span><\/a><\/div><\/li><li class='item'><div class=\"carousel_item_holder\"><a href='https:\/\/www.3c-test.com' target='_self'><span class='first_image_holder '><img src='https:\/\/orkoltd.com.tr\/ew\/wp-content\/uploads\/2024\/03\/3ctest-logo.png' alt='3cTest'><\/span><\/a><\/div><\/ul><\/div><\/div>[\/vc_column][\/vc_row][vc_row row_type=&#8221;row&#8221; use_row_as_full_screen_section=&#8221;no&#8221; type=&#8221;full_width&#8221; text_align=&#8221;left&#8221; background_animation=&#8221;none&#8221; css_animation=&#8221;&#8221;][vc_column][vc_empty_space height=&#8221;30px&#8221;][vc_column_text css=&#8221;&#8221;]<\/p>\n<h3 style=\"text-align: center;\"><span style=\"color: #479ac6;\">EMC konusunda gerekli standartlar\u0131 g\u00f6z \u00f6n\u00fcne alarak, yans\u0131mas\u0131z odalar\u0131n, laboratuvarlar\u0131n tasarlanmas\u0131, verici, anten ve di\u011fer ekipmanlar\u0131n \u00fcretimi, tedari\u011fi, kurulumu ve personelin e\u011fitimini, k\u0131saca t\u00fcm projeyi \u00fcstlenmek i\u00e7in yan\u0131n\u0131zday\u0131z.<\/span><\/h3>\n<p>[\/vc_column_text][\/vc_column][\/vc_row][vc_row row_type=&#8221;row&#8221; use_row_as_full_screen_section=&#8221;no&#8221; type=&#8221;full_width&#8221; text_align=&#8221;left&#8221; background_animation=&#8221;none&#8221; css_animation=&#8221;&#8221;][vc_column][vc_empty_space height=&#8221;30px&#8221;][\/vc_column][\/vc_row][vc_row row_type=&#8221;row&#8221; use_row_as_full_screen_section=&#8221;no&#8221; type=&#8221;full_width&#8221; text_align=&#8221;left&#8221; background_animation=&#8221;none&#8221; padding_top=&#8221;0&#8243; padding_bottom=&#8221;0&#8243; css_animation=&#8221;&#8221; background_color=&#8221;#0000001F&#8221; border_color=&#8221;#00000000&#8243; css=&#8221;.vc_custom_1742562445408{background-color: #FFFFFF00 !important;}&#8221;][vc_column css=&#8221;.vc_custom_1584607118962{padding-top: 35px !important;}&#8221;][vc_column_text css=&#8221;.vc_custom_1742562405597{margin-top: 0px !important;margin-right: 0px !important;margin-bottom: 0px !important;margin-left: 0px !important;border-top-width: 0px !important;border-right-width: 0px !important;border-bottom-width: 00px !important;border-left-width: 0px !important;padding-top: 0px !important;padding-right: 0px !important;padding-bottom: 0px !important;padding-left: 0px !important;}&#8221;]<\/p>\n<h3 style=\"text-align: center;\"><span style=\"color: #000000;\">Test sistemleri kurdu\u011fumuz baz\u0131 standartlar: <\/span><\/h3>\n<h3 style=\"text-align: center;\"><span style=\"color: #000000;\">MIL-STD-461, MIL-STD-464, MIL-STD-704, MIL-STG1399, RTCA DO160G, MIL-STD 1275,<\/span><\/h3>\n<h3 style=\"text-align: center;\"><span style=\"color: #000000;\">(CS114, CS 115, CS 116, CS 106, CS 101, RS101, CS109, RS103, RE102, CE102)<\/span><\/h3>\n<p>[\/vc_column_text][\/vc_column][\/vc_row][vc_row row_type=&#8221;row&#8221; use_row_as_full_screen_section=&#8221;no&#8221; type=&#8221;full_width&#8221; text_align=&#8221;left&#8221; background_animation=&#8221;none&#8221; css_animation=&#8221;&#8221;][vc_column][vc_empty_space height=&#8221;30px&#8221;][\/vc_column][\/vc_row][vc_row row_type=&#8221;row&#8221; use_row_as_full_screen_section=&#8221;no&#8221; type=&#8221;full_width&#8221; text_align=&#8221;left&#8221; background_animation=&#8221;none&#8221; padding_top=&#8221;10&#8243; padding_bottom=&#8221;20&#8243; css_animation=&#8221;&#8221;][vc_column css=&#8221;.vc_custom_1584607433531{padding-top: 5px !important;padding-bottom: 5px !important;}&#8221;][vc_column_text css=&#8221;&#8221;]<\/p>\n<h3>Di\u011fer \u00e7\u00f6z\u00fcmlerimiz:<\/h3>\n<h3 style=\"text-align: center;\"><span style=\"color: #479ac6;\">Anahtar teslim EMC odalar\u0131 ve ekipmanlar\u0131, <\/span><\/h3>\n<h3 style=\"text-align: center;\"><span style=\"color: #479ac6;\">DC&#8217;den Mikrodalga frekanslar\u0131na kadar her g\u00fc\u00e7te EMC RF y\u00fckselte\u00e7leri, <\/span><\/h3>\n<h3 style=\"text-align: center;\"><span style=\"color: #479ac6;\">4G\/5G test sistemleri, <\/span><\/h3>\n<h3 style=\"text-align: center;\"><span style=\"color: #479ac6;\">Telsiz ve anten test sistemleri, <\/span><\/h3>\n<h3 style=\"text-align: center;\"><span style=\"color: #479ac6;\">Voltaj, ak\u0131m jenerat\u00f6rleri ve aksesuarlar\u0131<\/span><\/h3>\n<h3 style=\"text-align: center;\"><span style=\"color: #479ac6;\">Aviyonik test sistemleri<\/span><\/h3>\n<h3 style=\"text-align: center;\"><\/h3>\n<h3 style=\"text-align: center;\"><span style=\"color: #479ac6;\">ve k<\/span><span style=\"color: #479ac6;\">esintisiz Servis hizmetimizle sat\u0131\u015f sonras\u0131 size tam destek veririz.<\/span><\/h3>\n<p>[\/vc_column_text][\/vc_column][\/vc_row][vc_row row_type=&#8221;row&#8221; use_row_as_full_screen_section=&#8221;no&#8221; type=&#8221;full_width&#8221; text_align=&#8221;left&#8221; background_animation=&#8221;none&#8221; css_animation=&#8221;&#8221;][vc_column][vc_empty_space height=&#8221;12px&#8221;][\/vc_column][\/vc_row][vc_row row_type=&#8221;row&#8221; use_row_as_full_screen_section=&#8221;no&#8221; type=&#8221;full_width&#8221; text_align=&#8221;left&#8221; background_animation=&#8221;none&#8221; padding_top=&#8221;30&#8243; padding_bottom=&#8221;20&#8243; css_animation=&#8221;&#8221;][vc_column width=&#8221;1\/3&#8243; css=&#8221;.vc_custom_1584528612153{padding-right: 5px !important;padding-bottom: 5px !important;}&#8221;][vc_column_text css=&#8221;.vc_custom_1657018839199{padding-top: 5px !important;padding-bottom: 5px !important;background-color: #ddc79f !important;}&#8221;]<\/p>\n<h3 style=\"text-align: center;\"><strong><a href=\"https:\/\/orkoltd.com.tr\/ew\/home\/emc-urunler\/\">Elektromanyetik Uyumluluk<br \/>\n(EMC)\u00a0\u00dcr\u00fcnleri<\/a><\/strong><\/h3>\n<p>[\/vc_column_text][\/vc_column][vc_column width=&#8221;1\/3&#8243; css=&#8221;.vc_custom_1584528623787{padding-right: 5px !important;padding-bottom: 5px !important;}&#8221;][vc_column_text css=&#8221;.vc_custom_1619614280778{padding-top: 5px !important;padding-bottom: 5px !important;background-color: #7aa87a !important;}&#8221;]<\/p>\n<h3 style=\"text-align: center;\"><a href=\"https:\/\/orkoltd.com.tr\/ew\/home\/rf-urunler\/\"><strong>RF\u00a0Test<\/strong><br \/>\n<strong>\u00dcr\u00fcnleri<\/strong><\/a><\/h3>\n<p>[\/vc_column_text][\/vc_column][vc_column width=&#8221;1\/3&#8243; css=&#8221;.vc_custom_1584528655083{padding-right: 5px !important;padding-bottom: 5px !important;}&#8221;][vc_column_text css=&#8221;.vc_custom_1619614296641{padding-top: 5px !important;padding-bottom: 5px !important;background-color: #87a3bf !important;}&#8221;]<\/p>\n<h3 style=\"text-align: center;\"><strong><a href=\"https:\/\/orkoltd.com.tr\/ew\/home\/aviyonik\/\">Aviyonik Test<br \/>\n\u00dcr\u00fcnleri<\/a><\/strong><\/h3>\n<p>[\/vc_column_text][\/vc_column][\/vc_row][vc_row row_type=&#8221;row&#8221; use_row_as_full_screen_section=&#8221;no&#8221; type=&#8221;full_width&#8221; text_align=&#8221;left&#8221; background_animation=&#8221;none&#8221; padding_top=&#8221;20&#8243; padding_bottom=&#8221;20&#8243; css_animation=&#8221;&#8221; css=&#8221;.vc_custom_1584519586494{background-color: #f6f6f6 !important;}&#8221;][vc_column width=&#8221;1\/4&#8243;][vc_single_image image=&#8221;1170&#8243; img_size=&#8221;medium&#8221; alignment=&#8221;right&#8221; onclick=&#8221;custom_link&#8221; qode_css_animation=&#8221;&#8221; link=&#8221;https:\/\/orkoltd.com.tr\/ew\/home\/tum-urunler\/&#8221;][\/vc_column][vc_column width=&#8221;3\/4&#8243; css=&#8221;.vc_custom_1584511760504{padding-top: 30px !important;}&#8221;][vc_column_text css=&#8221;.vc_custom_1619614158995{padding-top: 0px !important;}&#8221;]<\/p>\n<p style=\"text-align: left;\"><a href=\"https:\/\/orkoltd.com.tr\/ew\/home\/tum-urunler\/\">1970\u2019den beri <strong>Marconi Instruments<\/strong>, <strong>IFR<\/strong>, <strong>AEROFLEX<\/strong>, <strong>COBHAM<\/strong> ve \u015fu anki ad\u0131yla <strong>VIAVI Avcomm<\/strong> telsiz test cihazlar\u0131 ve di\u011fer \u00fcr\u00fcnlerin T\u00fcrkiye\u2019de sat\u0131\u015f, servis ve bak\u0131m\u0131n\u0131 yapmaya yetkili <strong>ORKO<\/strong>\u2019dur.<\/a><\/p>\n<p>[\/vc_column_text][\/vc_column][\/vc_row][vc_row row_type=&#8221;row&#8221; use_row_as_full_screen_section=&#8221;no&#8221; type=&#8221;full_width&#8221; text_align=&#8221;left&#8221; background_animation=&#8221;none&#8221; css_animation=&#8221;&#8221; carousel=&#8221;yeni-urunler&#8221; carousel_type=&#8221;&#8221; items_visible=&#8221;5&#8243; order_by=&#8221;&#8221; order=&#8221;&#8221; show_navigation=&#8221;yes&#8221; show_draggable_navigation=&#8221;no&#8221; show_in_two_rows=&#8221;&#8221; space_between=&#8221;no&#8221; hover_effect=&#8221;second_image&#8221; on_click=&#8221;open_link&#8221;][vc_column]<div class='qode_carousels_holder clearfix with_space hover_second_image'><div class='qode_carousels carousel_owl'data-enable-navigation=\"no\" data-slider-speed=\"5000\"  data-number_of_items = 6 data-stage_padding = no><div class='slides'><div class='item'><div class=\"carousel_item_holder\"><a href='https:\/\/www.orkoltd.com.tr\/ew\/urun\/gauss-tdemi-x-emc-test-platformu\/' target='_self'><span class='first_image_holder '><img src='https:\/\/www.orkoltd.com.tr\/ew\/wp-content\/uploads\/2018\/11\/Gauss-TDEMI-X-Hover.jpg' alt='Gauss TDEMI X'><\/span><\/a><\/div><\/div><div class='item'><div class=\"carousel_item_holder\"><a href='https:\/\/orkoltd.com.tr\/ew\/urun\/avx-10k-ucus-hatti-test-seti\/' target='_self'><span class='first_image_holder '><img src='https:\/\/orkoltd.com.tr\/ew\/wp-content\/uploads\/2021\/06\/avx-10k_with_ipad_fuel_gauge.png' alt='AVX-10K'><\/span><\/a><\/div><\/div><div class='item'><div class=\"carousel_item_holder\"><a href='https:\/\/www.orkoltd.com.tr\/ew\/urun\/gpsg-1000\/' target='_blank'><span class='first_image_holder '><img src='https:\/\/www.orkoltd.com.tr\/ew\/wp-content\/uploads\/2018\/12\/GPS-1000-hover.png' alt='GPSG-1000'><\/span><\/a><\/div><\/div><div class='item'><div class=\"carousel_item_holder\"><a href='https:\/\/orkoltd.com.tr\/ew\/urun\/cx300-comxpert-haberlesme-monitoru\/' target='_self'><span class='first_image_holder '><img src='https:\/\/orkoltd.com.tr\/ew\/wp-content\/uploads\/2022\/07\/cx300_left_facing.png' alt='CX300'><\/span><\/a><\/div><\/div><div class='item'><div class=\"carousel_item_holder\"><a href='https:\/\/orkoltd.com.tr\/ew\/urun\/alt-9000-radyo-altimetre-test-seti\/' target='_self'><span class='first_image_holder '><img src='https:\/\/orkoltd.com.tr\/ew\/wp-content\/uploads\/2022\/07\/alt-9000-profile-right.png' alt='ALT-9000'><\/span><\/a><\/div><\/div><div class='item'><div class=\"carousel_item_holder\"><a href='https:\/\/orkoltd.com.tr\/ew\/urun\/cx100\/' target='_self'><span class='first_image_holder has_hover_image'><img src='https:\/\/orkoltd.com.tr\/ew\/wp-content\/uploads\/2023\/08\/product-cx100-right.png' alt='CX100'><\/span><span class='second_image_holder has_hover_image'><img src='https:\/\/orkoltd.com.tr\/ew\/wp-content\/uploads\/2023\/08\/product-cx100-back.png' alt='CX100'><\/span><\/a><\/div><\/div><\/div><\/div><\/div>[\/vc_column][\/vc_row][vc_row row_type=&#8221;row&#8221; use_row_as_full_screen_section=&#8221;no&#8221; type=&#8221;full_width&#8221; text_align=&#8221;left&#8221; background_animation=&#8221;none&#8221; padding_top=&#8221;50&#8243; padding_bottom=&#8221;50&#8243; css_animation=&#8221;&#8221;][vc_column][vc_column_text]<\/p>\n<h4 style=\"text-align: center;\"><strong><span style=\"color: #479ac6;\">T\u00fcm cihaz ve temsilciliklerimizle ilgili teknik ve ticari her t\u00fcrl\u00fc sorular\u0131n\u0131z\u0131 cevaplamaktan mutluluk duyar\u0131z. <\/span><\/strong><\/h4>\n<p>[\/vc_column_text][\/vc_column][\/vc_row][vc_row row_type=&#8221;row&#8221; use_row_as_full_screen_section=&#8221;no&#8221; type=&#8221;full_width&#8221; text_align=&#8221;left&#8221; background_animation=&#8221;none&#8221; css_animation=&#8221;&#8221;][vc_column][vc_single_image image=&#8221;1538&#8243; img_size=&#8221;full&#8221; alignment=&#8221;center&#8221; qode_css_animation=&#8221;&#8221;][\/vc_column][\/vc_row][vc_row row_type=&#8221;row&#8221; use_row_as_full_screen_section=&#8221;no&#8221; type=&#8221;full_width&#8221; text_align=&#8221;left&#8221; background_animation=&#8221;none&#8221; css_animation=&#8221;&#8221;][vc_column][vc_empty_space height=&#8221;12px&#8221;][\/vc_column][\/vc_row]<\/p>\n<\/div>","protected":false},"excerpt":{"rendered":"<p>[vc_row row_type=&#8221;row&#8221; use_row_as_full_screen_section=&#8221;no&#8221; type=&#8221;full_width&#8221; text_align=&#8221;left&#8221; background_animation=&#8221;none&#8221; css_animation=&#8221;&#8221;][vc_column][vc_empty_space height=&#8221;30px&#8221;][\/vc_column][\/vc_row][vc_row row_type=&#8221;row&#8221; use_row_as_full_screen_section=&#8221;no&#8221; type=&#8221;full_width&#8221; text_align=&#8221;left&#8221; background_animation=&#8221;none&#8221; css_animation=&#8221;&#8221;][vc_column][\/vc_column][\/vc_row][vc_row row_type=&#8221;row&#8221; use_row_as_full_screen_section=&#8221;no&#8221; type=&#8221;full_width&#8221; text_align=&#8221;left&#8221; background_animation=&#8221;none&#8221; css_animation=&#8221;&#8221;][vc_column][vc_empty_space height=&#8221;30px&#8221;][vc_column_text css=&#8221;&#8221;] EMC konusunda gerekli standartlar\u0131 g\u00f6z \u00f6n\u00fcne alarak, yans\u0131mas\u0131z odalar\u0131n, laboratuvarlar\u0131n tasarlanmas\u0131, verici, anten ve di\u011fer ekipmanlar\u0131n \u00fcretimi, tedari\u011fi, kurulumu ve personelin e\u011fitimini, k\u0131saca&#8230;<\/p>\n","protected":false},"author":1,"featured_media":0,"parent":0,"menu_order":0,"comment_status":"closed","ping_status":"closed","template":"","meta":{"footnotes":""},"class_list":["post-245","page","type-page","status-publish","hentry"],"_links":{"self":[{"href":"https:\/\/www.orkoltd.com.tr\/ew\/wp-json\/wp\/v2\/pages\/245","targetHints":{"allow":["GET"]}}],"collection":[{"href":"https:\/\/www.orkoltd.com.tr\/ew\/wp-json\/wp\/v2\/pages"}],"about":[{"href":"https:\/\/www.orkoltd.com.tr\/ew\/wp-json\/wp\/v2\/types\/page"}],"author":[{"embeddable":true,"href":"https:\/\/www.orkoltd.com.tr\/ew\/wp-json\/wp\/v2\/users\/1"}],"replies":[{"embeddable":true,"href":"https:\/\/www.orkoltd.com.tr\/ew\/wp-json\/wp\/v2\/comments?post=245"}],"version-history":[{"count":227,"href":"https:\/\/www.orkoltd.com.tr\/ew\/wp-json\/wp\/v2\/pages\/245\/revisions"}],"predecessor-version":[{"id":1781,"href":"https:\/\/www.orkoltd.com.tr\/ew\/wp-json\/wp\/v2\/pages\/245\/revisions\/1781"}],"wp:attachment":[{"href":"https:\/\/www.orkoltd.com.tr\/ew\/wp-json\/wp\/v2\/media?parent=245"}],"curies":[{"name":"wp","href":"https:\/\/api.w.org\/{rel}","templated":true}]}}