{"id":1488,"date":"2021-05-04T15:29:07","date_gmt":"2021-05-04T12:29:07","guid":{"rendered":"https:\/\/www.orkoltd.com.tr\/ew\/?post_type=product&#038;p=1488"},"modified":"2021-05-05T10:46:51","modified_gmt":"2021-05-05T07:46:51","slug":"ar-twt-yuksek-guc-mikrodalga-amplifikatorleri","status":"publish","type":"product","link":"https:\/\/www.orkoltd.com.tr\/ew\/urun\/ar-twt-yuksek-guc-mikrodalga-amplifikatorleri\/","title":{"rendered":"AR TWT Y\u00dcKSEK G\u00dc\u00c7 M\u0130KRODALGA AMPL\u0130F\u0130KAT\u00d6RLER\u0130"},"content":{"rendered":"<h5><em>TWTA veya TWT &#8220;TRAVELING WAVE TUBE&#8221; Y\u00fcksek G\u00fc\u00e7 Mikrodalga Test Amplifikat\u00f6rleri &#8211; 1 &#8211; 50 GHz, 40 &#8211; 20,000 Watt<\/em><\/h5>\n<p>&nbsp;<\/p>\n<p>Test ihtiyac\u0131 daha y\u00fcksek g\u00fc\u00e7 ve daha y\u00fcksek frekans gerektirdi\u011finde, &#8220;T&#8221; Serisi mikrodalga amplifikat\u00f6r serisini d\u00fc\u015f\u00fcn\u00fcn &#8211; 1 ila 50 GHz, 40 ila 20,000 watt CW ve Darbe. Bu amplifikat\u00f6rler, piyasadaki di\u011fer mikrodalga amplifikat\u00f6r markalar\u0131ndan daha geni\u015f bir yelpazede y\u00fcksek g\u00fc\u00e7l\u00fc mikrodalga test uygulamalar\u0131 i\u00e7in kapsama alan\u0131 sa\u011flar ve inan\u0131lmaz derecede zengin \u00f6zelliklere sahiptir.<\/p>\n<p>Ayr\u0131ca, piyasadaki herhangi bir TWT amplifikat\u00f6r\u00fcn\u00fcn geli\u015fmi\u015f bir tasar\u0131m\u0131n\u0131 ve en y\u00fcksek kalitede yap\u0131s\u0131n\u0131 sunarlar.<\/p>\n<p>&nbsp;<\/p>\n<h4>Ne Kadar Zenginler?<\/h4>\n<p>\u00d6n panel ekranlar\u0131, amplifikat\u00f6r\u00fcn dahili izleme sisteminin yapt\u0131\u011f\u0131 her \u015fey hakk\u0131nda size dijital veriler sunar &#8211; ileri ve yans\u0131yan g\u00fc\u00e7, kazan\u00e7, olay tan\u0131ma ve tam TWT izleme dahil. Basit gezinme i\u00e7in iyi d\u00fc\u015f\u00fcn\u00fclm\u00fc\u015f bir yard\u0131m ekran\u0131 bilgileri saklar ve testinizin do\u011fru olmas\u0131n\u0131 sa\u011flar. Mod\u00fcler anahtarlamal\u0131 g\u00fc\u00e7 kaynaklar\u0131, amplifikat\u00f6rlerin bak\u0131m\u0131n\u0131 yap\u0131labilir, ta\u015f\u0131nabilir ve servis edilebilir olmas\u0131n\u0131 sa\u011flar. Yerle\u015fik IEEE arabirimi, s\u0131k\u0131\u015ft\u0131rmal\u0131 hava so\u011futma, 0 dBm giri\u015f, RF \u00f6rnek ucu, donan\u0131m ve yaz\u0131l\u0131m VSWR korumas\u0131 standartt\u0131r.<\/p>\n<p>&nbsp;<\/p>\n<p>\u0130yi tasarlanm\u0131\u015f, iyi d\u00fc\u015f\u00fcn\u00fclm\u00fc\u015f i\u00e7 tasar\u0131m. Bu amplifikat\u00f6rlerin i\u00e7inde tasar\u0131m kalitesini hemen fark edeceksiniz. Mod\u00fcler bile\u015fenler ve tecr\u00fcbeli m\u00fchendislik \u00e7al\u0131\u015fmas\u0131, AR TWT amplifikat\u00f6rlerinin \u00e7ok g\u00fcvenilir ve en zorlu uygulamalar\u0131n\u0131z i\u00e7in haz\u0131r olduklar\u0131 anlam\u0131na gelir.<\/p>\n<p>&nbsp;<\/p>\n<h3 style=\"text-align: center;\">H\u0131zl\u0131 Se\u00e7im &#8211; Mikrodalga Amplifikat\u00f6rler<\/h3>\n<p><img fetchpriority=\"high\" decoding=\"async\" class=\"aligncenter size-large wp-image-1491\" src=\"https:\/\/www.orkoltd.com.tr\/ew\/wp-content\/uploads\/2021\/05\/AR-TWT-Amplifikatorler-1024x824.png\" alt=\"\" width=\"1024\" height=\"824\" srcset=\"https:\/\/www.orkoltd.com.tr\/ew\/wp-content\/uploads\/2021\/05\/AR-TWT-Amplifikatorler-1024x824.png 1024w, https:\/\/www.orkoltd.com.tr\/ew\/wp-content\/uploads\/2021\/05\/AR-TWT-Amplifikatorler-300x241.png 300w, https:\/\/www.orkoltd.com.tr\/ew\/wp-content\/uploads\/2021\/05\/AR-TWT-Amplifikatorler-768x618.png 768w, https:\/\/www.orkoltd.com.tr\/ew\/wp-content\/uploads\/2021\/05\/AR-TWT-Amplifikatorler-1536x1236.png 1536w, https:\/\/www.orkoltd.com.tr\/ew\/wp-content\/uploads\/2021\/05\/AR-TWT-Amplifikatorler-700x563.png 700w, https:\/\/www.orkoltd.com.tr\/ew\/wp-content\/uploads\/2021\/05\/AR-TWT-Amplifikatorler-1100x885.png 1100w, https:\/\/www.orkoltd.com.tr\/ew\/wp-content\/uploads\/2021\/05\/AR-TWT-Amplifikatorler-600x483.png 600w, https:\/\/www.orkoltd.com.tr\/ew\/wp-content\/uploads\/2021\/05\/AR-TWT-Amplifikatorler.png 1874w\" sizes=\"(max-width: 1024px) 100vw, 1024px\" \/><\/p>\n<p>&nbsp;<\/p>\n<h3><strong>TWT Mikrodalga Amplifikat\u00f6rler<\/strong><\/h3>\n<table class=\"table table-striped table-reflow prodTable\" style=\"height: 1156px;\" width=\"505\">\n<thead class=\"thead-inverse\">\n<tr>\n<th>model<\/th>\n<th>a\u00e7\u0131klama<\/th>\n<\/tr>\n<\/thead>\n<tbody>\n<tr>\n<td><span style=\"color: #e95716;\"><strong><a style=\"color: #e95716;\" href=\"https:\/\/www.arworld.us\/html\/18200.asp?id=787\">8000TP1G1z5<\/a><\/strong><\/span><\/td>\n<td>8000 Watt Pulse only, 1 &#8211; 1.5 GHz<\/td>\n<\/tr>\n<tr>\n<td><strong><span style=\"color: #e95716;\"><a style=\"color: #e95716;\" href=\"https:\/\/www.arworld.us\/html\/18200.asp?id=785\">6500TP1z5G2<\/a><\/span><\/strong><\/td>\n<td>6500 Watt Pulse only, 1.5 &#8211; 2 GHz<\/td>\n<\/tr>\n<tr>\n<td><strong><span style=\"color: #e95716;\"><a style=\"color: #e95716;\" href=\"https:\/\/www.arworld.us\/html\/18200.asp?id=791\">4000TP2G4<\/a><\/span><\/strong><\/td>\n<td>4000 Watt Pulse only, 2 &#8211; 4 GHz<\/td>\n<\/tr>\n<tr>\n<td><strong><span style=\"color: #e95716;\"><a style=\"color: #e95716;\" href=\"https:\/\/www.arworld.us\/html\/18200.asp?id=887\">6900TP2G4<\/a><\/span><\/strong><\/td>\n<td>6900 Watt Pulse only, 2 &#8211; 4 GHz<\/td>\n<\/tr>\n<tr>\n<td><strong><span style=\"color: #e95716;\"><a style=\"color: #e95716;\" href=\"https:\/\/www.arworld.us\/html\/18200.asp?id=1374\">12000TP2G4<\/a><\/span><\/strong><\/td>\n<td>12000 Watt Pulse only, 2 &#8211; 4 GHz<\/td>\n<\/tr>\n<tr>\n<td><strong><span style=\"color: #e95716;\"><a style=\"color: #e95716;\" href=\"https:\/\/www.arworld.us\/html\/18200.asp?id=72\">2000TP2G8B<\/a><\/span><\/strong><\/td>\n<td>2000 Watt Pulse only, 2.5 &#8211; 7.5 GHz<\/td>\n<\/tr>\n<tr>\n<td><strong><span style=\"color: #e95716;\"><a style=\"color: #e95716;\" href=\"https:\/\/www.arworld.us\/html\/18200.asp?id=497\">300T2G8<\/a><\/span><\/strong><\/td>\n<td>300 Watt CW, 2.5 &#8211; 7.5 GHz<\/td>\n<\/tr>\n<tr>\n<td><strong><span style=\"color: #e95716;\"><a style=\"color: #e95716;\" href=\"https:\/\/www.arworld.us\/html\/18200.asp?id=1265\">500T2G8<\/a><\/span><\/strong><\/td>\n<td>500 Watt CW, 2.5 &#8211; 7.5 GHz<\/td>\n<\/tr>\n<tr>\n<td><strong><span style=\"color: #e95716;\"><a style=\"color: #e95716;\" href=\"https:\/\/www.arworld.us\/html\/18200.asp?id=70\">1000T2G8B<\/a><\/span><\/strong><\/td>\n<td>1000 Watt CW, 2.5 &#8211; 7.5 GHz<\/td>\n<\/tr>\n<tr>\n<td><strong><span style=\"color: #e95716;\"><a style=\"color: #e95716;\" href=\"https:\/\/www.arworld.us\/html\/18200.asp?id=582\">1500T2G8A<\/a><\/span><\/strong><\/td>\n<td>1500 Watt CW, 2.5 &#8211; 7.5 GHz<\/td>\n<\/tr>\n<tr>\n<td><strong><span style=\"color: #e95716;\"><a style=\"color: #e95716;\" href=\"https:\/\/www.arworld.us\/html\/18200.asp?id=793\">4000TP4G8<\/a><\/span><\/strong><\/td>\n<td>4000 Watt Pulse only, 4 &#8211; 8 GHz<\/td>\n<\/tr>\n<tr>\n<td><strong><span style=\"color: #e95716;\"><a style=\"color: #e95716;\" href=\"https:\/\/www.arworld.us\/html\/18200.asp?id=888\">7400TP4G8<\/a><\/span><\/strong><\/td>\n<td>7400 Watt Pulse only, 4 &#8211; 8 GHz<\/td>\n<\/tr>\n<tr>\n<td><strong><span style=\"color: #e95716;\"><a style=\"color: #e95716;\" href=\"https:\/\/www.arworld.us\/html\/18200.asp?id=1375\">12000TP4G8<\/a><\/span><\/strong><\/td>\n<td>12000 Watt Pulse only, 4 &#8211; 8 GHz<\/td>\n<\/tr>\n<tr>\n<td><strong><span style=\"color: #e95716;\"><a style=\"color: #e95716;\" href=\"https:\/\/www.arworld.us\/html\/18200.asp?id=64\">200T4G8<\/a><\/span><\/strong><\/td>\n<td>200 Watt CW, 4 &#8211; 8 GHz<\/td>\n<\/tr>\n<tr>\n<td><strong><span style=\"color: #e95716;\"><a style=\"color: #e95716;\" href=\"https:\/\/www.arworld.us\/html\/18200.asp?id=1234\">250T6G18<\/a><\/span><\/strong><\/td>\n<td>250 Watt CW, 6 &#8211; 18 GHz<\/td>\n<\/tr>\n<tr>\n<td><strong><span style=\"color: #e95716;\"><a style=\"color: #e95716;\" href=\"https:\/\/www.arworld.us\/html\/18200.asp?id=526\">1000TP8G18<\/a><\/span><\/strong><\/td>\n<td>1000 Watt Pulse only, 7.5 &#8211; 18 GHz<\/td>\n<\/tr>\n<tr>\n<td><strong><span style=\"color: #e95716;\"><a style=\"color: #e95716;\" href=\"https:\/\/www.arworld.us\/html\/18200.asp?id=74\">2000TP8G18<\/a><\/span><\/strong><\/td>\n<td>2000 Watt Pulse only, 7.5 &#8211; 18 GHz<\/td>\n<\/tr>\n<tr>\n<td><strong><span style=\"color: #e95716;\"><a style=\"color: #e95716;\" href=\"https:\/\/www.arworld.us\/html\/18200.asp?id=496\">250T8G18<\/a><\/span><\/strong><\/td>\n<td>250 Watt CW, 7.5 &#8211; 18 GHz<\/td>\n<\/tr>\n<tr>\n<td><strong><span style=\"color: #e95716;\"><a style=\"color: #e95716;\" href=\"https:\/\/www.arworld.us\/html\/18200.asp?id=1274\">500T8G18<\/a><\/span><\/strong><\/td>\n<td>500 Watt CW, 7.5 -18 GHz<\/td>\n<\/tr>\n<tr>\n<td><strong><span style=\"color: #e95716;\"><a style=\"color: #e95716;\" href=\"https:\/\/www.arworld.us\/html\/18200.asp?id=71\">1000T8G18B<\/a><\/span><\/strong><\/td>\n<td>1000 Watt CW, 7.5 &#8211; 18 GHz<\/td>\n<\/tr>\n<tr>\n<td><strong><span style=\"color: #e95716;\"><a style=\"color: #e95716;\" href=\"https:\/\/www.arworld.us\/html\/18200.asp?id=583\">1500T8G18<\/a><\/span><\/strong><\/td>\n<td>1500 Watt CW, 7.5 &#8211; 18 GHz<\/td>\n<\/tr>\n<tr>\n<td><strong><span style=\"color: #e95716;\"><a style=\"color: #e95716;\" href=\"https:\/\/www.arworld.us\/html\/18200.asp?id=798\">10000TP8G10<\/a><\/span><\/strong><\/td>\n<td>10000 Watt Pulse only, 8 &#8211; 10 GHz<\/td>\n<\/tr>\n<tr>\n<td><strong><span style=\"color: #e95716;\"><a style=\"color: #e95716;\" href=\"https:\/\/www.arworld.us\/html\/18200.asp?id=796\">4000TP8G12<\/a><\/span><\/strong><\/td>\n<td>4000 Watt Pulse only, 8 &#8211; 12 GHz<\/td>\n<\/tr>\n<tr>\n<td><strong><span style=\"color: #e95716;\"><a style=\"color: #e95716;\" href=\"https:\/\/www.arworld.us\/html\/18200.asp?id=889\">8300TP8G12<\/a><\/span><\/strong><\/td>\n<td>8300 Watt Pulse only, 8 &#8211; 12 GHz<\/td>\n<\/tr>\n<tr>\n<td><strong><span style=\"color: #e95716;\"><a style=\"color: #e95716;\" href=\"https:\/\/www.arworld.us\/html\/18200.asp?id=1376\">20000TP8G12<\/a><\/span><\/strong><\/td>\n<td>20000 Watt Pulse only, 8 &#8211; 12 GHz<\/td>\n<\/tr>\n<tr>\n<td><strong><span style=\"color: #e95716;\"><a style=\"color: #e95716;\" href=\"https:\/\/www.arworld.us\/html\/18200.asp?id=801\">3000TP12G18<\/a><\/span><\/strong><\/td>\n<td>3000 Watt Pulse only, 12 &#8211; 18 GHz<\/td>\n<\/tr>\n<tr>\n<td><strong><span style=\"color: #e95716;\"><a style=\"color: #e95716;\" href=\"https:\/\/www.arworld.us\/html\/18200.asp?id=890\">5700TP12G18<\/a><\/span><\/strong><\/td>\n<td>5700 Watt Pulse only, 12 &#8211; 18 GHz<\/td>\n<\/tr>\n<tr>\n<td><strong><span style=\"color: #e95716;\"><a style=\"color: #e95716;\" href=\"https:\/\/www.arworld.us\/html\/18200.asp?id=57\">40T18G26A<\/a><\/span><\/strong><\/td>\n<td>40 Watt CW, 18 &#8211; 26.5 GHz<\/td>\n<\/tr>\n<tr>\n<td><strong><span style=\"color: #e95716;\"><a style=\"color: #e95716;\" href=\"https:\/\/www.arworld.us\/html\/18200.asp?id=780\">130T18G26z5B<\/a><\/span><\/strong><\/td>\n<td>130 Watt CW, 18 &#8211; 26.5 GHz<\/td>\n<\/tr>\n<tr>\n<td><strong><span style=\"color: #e95716;\"><a style=\"color: #e95716;\" href=\"https:\/\/www.arworld.us\/html\/18200.asp?id=781\">200T18G26z5A<\/a><\/span><\/strong><\/td>\n<td>200 Watt CW, 18 &#8211; 26.5 GHz<\/td>\n<\/tr>\n<tr>\n<td><strong><span style=\"color: #e95716;\"><a style=\"color: #e95716;\" href=\"https:\/\/www.arworld.us\/html\/18200.asp?id=58\">40T26G40A<\/a><\/span><\/strong><\/td>\n<td>40 Watt CW, 26.5 &#8211; 40 GHz<\/td>\n<\/tr>\n<tr>\n<td><strong><span style=\"color: #e95716;\"><a style=\"color: #e95716;\" href=\"https:\/\/www.arworld.us\/html\/18200.asp?id=782\">130T26z5G40B<\/a><\/span><\/strong><\/td>\n<td>130 Watt CW, 26.5 &#8211; 40 GHz<\/td>\n<\/tr>\n<tr>\n<td><strong><span style=\"color: #e95716;\"><a style=\"color: #e95716;\" href=\"https:\/\/www.arworld.us\/html\/18200.asp?id=783\">200T26z5G40A<\/a><\/span><\/strong><\/td>\n<td>200 Watt CW, 26.5 &#8211; 40 GHz<\/td>\n<\/tr>\n<tr>\n<td><strong><span style=\"color: #e95716;\"><a style=\"color: #e95716;\" href=\"https:\/\/www.arworld.us\/html\/18200.asp?id=1314\">70T40G50<\/a><\/span><\/strong><\/td>\n<td>70 Watt CW, 40 &#8211; 50 GHz<\/td>\n<\/tr>\n<tr>\n<td><strong><span style=\"color: #e95716;\"><a style=\"color: #e95716;\" href=\"https:\/\/www.arworld.us\/html\/18200.asp?id=1233\">100T40G50<\/a><\/span><\/strong><\/td>\n<td>100 Watt CW, 40 &#8211; 50 GHz<\/td>\n<\/tr>\n<\/tbody>\n<\/table>\n","protected":false},"excerpt":{"rendered":"<p>TWTA veya TWT &#8220;TRAVELING WAVE TUBE&#8221; Y\u00fcksek G\u00fc\u00e7 Mikrodalga Test Amplifikat\u00f6rleri &#8211; 1 &#8211; 50 GHz, 40 &#8211; 20,000 Watt &nbsp; Test ihtiyac\u0131 daha y\u00fcksek g\u00fc\u00e7 ve daha y\u00fcksek frekans gerektirdi\u011finde, &#8220;T&#8221; Serisi mikrodalga amplifikat\u00f6r serisini d\u00fc\u015f\u00fcn\u00fcn &#8211; 1 ila 50 GHz, 40 ila 20,000&#8230;<\/p>\n","protected":false},"featured_media":1479,"template":"","meta":[],"product_brand":[],"product_cat":[73,45],"product_tag":[114,116,115,117,118,119,120,113,112,121,122],"class_list":{"0":"post-1488","1":"product","2":"type-product","3":"status-publish","4":"has-post-thumbnail","6":"product_cat-amplifikator","7":"product_cat-emc","8":"product_tag-amplifier-research","9":"product_tag-ar-amplifikator","10":"product_tag-emc-amplifikator","11":"product_tag-emc-laboratuvar","12":"product_tag-mikrodalga","13":"product_tag-mikrodalga-amplifikator","14":"product_tag-mikrodalga-yukseltec","15":"product_tag-rf-amplifikator","16":"product_tag-rf-yukseltec","17":"product_tag-twt","18":"product_tag-twta","20":"first","21":"instock","22":"shipping-taxable","23":"product-type-simple"},"_links":{"self":[{"href":"https:\/\/www.orkoltd.com.tr\/ew\/wp-json\/wp\/v2\/product\/1488","targetHints":{"allow":["GET"]}}],"collection":[{"href":"https:\/\/www.orkoltd.com.tr\/ew\/wp-json\/wp\/v2\/product"}],"about":[{"href":"https:\/\/www.orkoltd.com.tr\/ew\/wp-json\/wp\/v2\/types\/product"}],"wp:featuredmedia":[{"embeddable":true,"href":"https:\/\/www.orkoltd.com.tr\/ew\/wp-json\/wp\/v2\/media\/1479"}],"wp:attachment":[{"href":"https:\/\/www.orkoltd.com.tr\/ew\/wp-json\/wp\/v2\/media?parent=1488"}],"wp:term":[{"taxonomy":"product_brand","embeddable":true,"href":"https:\/\/www.orkoltd.com.tr\/ew\/wp-json\/wp\/v2\/product_brand?post=1488"},{"taxonomy":"product_cat","embeddable":true,"href":"https:\/\/www.orkoltd.com.tr\/ew\/wp-json\/wp\/v2\/product_cat?post=1488"},{"taxonomy":"product_tag","embeddable":true,"href":"https:\/\/www.orkoltd.com.tr\/ew\/wp-json\/wp\/v2\/product_tag?post=1488"}],"curies":[{"name":"wp","href":"https:\/\/api.w.org\/{rel}","templated":true}]}}