{"id":1492,"date":"2021-05-04T15:54:44","date_gmt":"2021-05-04T12:54:44","guid":{"rendered":"https:\/\/www.orkoltd.com.tr\/ew\/?post_type=product&#038;p=1492"},"modified":"2021-05-05T10:46:08","modified_gmt":"2021-05-05T07:46:08","slug":"ar-antenleri","status":"publish","type":"product","link":"https:\/\/www.orkoltd.com.tr\/ew\/urun\/ar-antenleri\/","title":{"rendered":"AR ANTENLER\u0130"},"content":{"rendered":"<h5>\u00c7ok \u00c7e\u015fitli Y\u00fcksek G\u00fc\u00e7, Log Periyodik, Y\u00fcksek Kazan\u00e7l\u0131 Korna ve E\u011fik Elemanl\u0131 Antenler<\/h5>\n<p>&nbsp;<\/p>\n<p>Neredeyse t\u00fcm test prosed\u00fcrleri i\u00e7in ihtiya\u00e7 duydu\u011funuz antenler tam burada AR&#8217;de. Sa\u011flam, y\u00fcksek g\u00fc\u00e7l\u00fc antenlerden olu\u015fan eksiksiz bir \u00fcr\u00fcn yelpazesi sunuyoruz; ve t\u00fcm\u00fc AR amplifikat\u00f6rlerine frekans ve g\u00fc\u00e7 uyumlu oldu\u011fundan, tam olarak do\u011fru birimi se\u00e7mek kolayd\u0131r.<\/p>\n<p>&nbsp;<\/p>\n<p>Antenler 50 GHz ve 15,000 watt giri\u015f g\u00fcc\u00fcne kadar mevcuttur. T\u00fcm AR antenleri, EMC testine uygun y\u00fcksek alanlar geli\u015ftirir; ve bir\u00e7ok model emisyon testi i\u00e7in kalibre edilebilir. Hangi antenleri se\u00e7erseniz se\u00e7in, sat\u0131n ald\u0131\u011f\u0131n\u0131z antenlerin sekt\u00f6rdeki en iyi ve en kapsaml\u0131 garanti olan AR garantisiyle desteklendi\u011fini bilerek kendinizi g\u00fcvende hissedeceksiniz.<\/p>\n<p>&nbsp;<\/p>\n<p>Burada ayr\u0131ca, yaln\u0131zca AR&#8217;den temin edilebilen \u00f6zelliklerin yan\u0131 s\u0131ra eksiksiz bir aksesuar yelpazesine sahip bir dizi yenilik\u00e7i anten bulacaks\u0131n\u0131z. \u0130htiya\u00e7lar\u0131n\u0131za en uygun anteni se\u00e7me konusunda yard\u0131m i\u00e7in uygulama ORKO ile ileti\u015fime ge\u00e7in.<\/p>\n<h3 style=\"text-align: center;\">H\u0131zl\u0131 Se\u00e7im &#8211; AR EMC Antenler<\/h3>\n<p><img fetchpriority=\"high\" decoding=\"async\" class=\"aligncenter size-large wp-image-1499\" src=\"https:\/\/www.orkoltd.com.tr\/ew\/wp-content\/uploads\/2021\/05\/AR-Antenler-1024x969.png\" alt=\"\" width=\"1024\" height=\"969\" srcset=\"https:\/\/www.orkoltd.com.tr\/ew\/wp-content\/uploads\/2021\/05\/AR-Antenler-1024x969.png 1024w, https:\/\/www.orkoltd.com.tr\/ew\/wp-content\/uploads\/2021\/05\/AR-Antenler-300x284.png 300w, https:\/\/www.orkoltd.com.tr\/ew\/wp-content\/uploads\/2021\/05\/AR-Antenler-768x727.png 768w, https:\/\/www.orkoltd.com.tr\/ew\/wp-content\/uploads\/2021\/05\/AR-Antenler-1536x1454.png 1536w, https:\/\/www.orkoltd.com.tr\/ew\/wp-content\/uploads\/2021\/05\/AR-Antenler-700x663.png 700w, https:\/\/www.orkoltd.com.tr\/ew\/wp-content\/uploads\/2021\/05\/AR-Antenler-1100x1041.png 1100w, https:\/\/www.orkoltd.com.tr\/ew\/wp-content\/uploads\/2021\/05\/AR-Antenler-600x568.png 600w, https:\/\/www.orkoltd.com.tr\/ew\/wp-content\/uploads\/2021\/05\/AR-Antenler.png 1874w\" sizes=\"(max-width: 1024px) 100vw, 1024px\" \/><\/p>\n<p>&nbsp;<\/p>\n<h3><strong>AR Geni\u015f Bantl\u0131 Log\u00a0Periyodik\u00a0Antenler<\/strong><\/h3>\n<table class=\"table table-striped table-reflow prodTable\" style=\"height: 354px;\" width=\"830\">\n<thead>\n<tr align=\"left\" valign=\"top\">\n<th align=\"LEFT\" nowrap=\"nowrap\">model<\/th>\n<th align=\"left\">a\u00e7\u0131klama<\/th>\n<\/tr>\n<\/thead>\n<tbody>\n<tr class=\"oddrow\" valign=\"top\">\n<td><strong><span style=\"color: #e95716;\"><a style=\"color: #e95716;\" href=\"https:\/\/www.arworld.us\/html\/18200.asp?id=527\">ATR26M250<\/a><\/span><\/strong><\/td>\n<td>26 &#8211; 250 MHz, 15 kW giri\u015f g\u00fcc\u00fc, Radiant Arrow\/Log-Periyodik\u00a0Anten<\/td>\n<\/tr>\n<tr class=\"evenrow\" valign=\"top\">\n<td><strong><span style=\"color: #e95716;\"><a style=\"color: #e95716;\" href=\"https:\/\/www.arworld.us\/html\/18200.asp?id=1123\">ATR26M1G<\/a><\/span><\/strong><\/td>\n<td>26 MHz &#8211; 1 GHz, 20 kW giri\u015f g\u00fcc\u00fc, Radiant Arrow\/Log-Periyodik Anten<\/td>\n<\/tr>\n<tr class=\"oddrow\" valign=\"top\">\n<td><span style=\"color: #e95716;\"><strong><a style=\"color: #e95716;\" href=\"https:\/\/www.arworld.us\/html\/18200.asp?id=117\">ATR26M6G<\/a><\/strong><\/span><\/td>\n<td>26 MHz &#8211; 6 GHz, 5000 watt giri\u015f g\u00fcc\u00fc, Radiant Arrow\/Log-Periyodik Anten, 2.81 m geni\u015flikte<\/td>\n<\/tr>\n<tr class=\"evenrow\" valign=\"top\">\n<td><strong><span style=\"color: #e95716;\"><a style=\"color: #e95716;\" href=\"https:\/\/www.arworld.us\/html\/18200.asp?id=940\">ATR26M6G-1<\/a><\/span><\/strong><\/td>\n<td>26 MHz &#8211; 6 GHz, 5000 watt giri\u015f g\u00fcc\u00fc, Radiant Arrow\/Log-Periyodik Anten, 2.18 m geni\u015flikte<\/td>\n<\/tr>\n<tr class=\"oddrow\" valign=\"top\">\n<td><strong><span style=\"color: #e95716;\"><a style=\"color: #e95716;\" href=\"https:\/\/www.arworld.us\/html\/18200.asp?id=854\">ATL80M1G<\/a><\/span><\/strong><\/td>\n<td>80 &#8211; 1000 MHz, 2000 Watt giri\u015f g\u00fcc\u00fc, Log-Periyodik Anten<\/td>\n<\/tr>\n<tr class=\"evenrow\" valign=\"top\">\n<td><strong><span style=\"color: #e95716;\"><a style=\"color: #e95716;\" href=\"https:\/\/www.arworld.us\/html\/18200.asp?id=118\">ATR80M6G<\/a><\/span><\/strong><\/td>\n<td>80 MHz &#8211; 6 GHz, 5000 watt giri\u015f g\u00fcc\u00fc, Radiant Arrow\/Log-Periyodik Anten<\/td>\n<\/tr>\n<tr class=\"oddrow\" valign=\"top\">\n<td><strong><span style=\"color: #e95716;\"><a style=\"color: #e95716;\" href=\"https:\/\/www.arworld.us\/html\/18200.asp?id=853\">ATL150M1G<\/a><\/span><\/strong><\/td>\n<td>150 MHz- 1000 MHz, 2000 Watt giri\u015f g\u00fcc\u00fc, Log-Periyodik Anten<\/td>\n<\/tr>\n<tr class=\"evenrow\" valign=\"top\">\n<td><strong><span style=\"color: #e95716;\"><a style=\"color: #e95716;\" href=\"https:\/\/www.arworld.us\/html\/18200.asp?id=1258\">ATR200M6G<\/a><\/span><\/strong><\/td>\n<td>200 MHz &#8211; 6 GHz, 5000 watt giri\u015f g\u00fcc\u00fc, Radiant Arrow\/Log-Periyodik Anten<\/td>\n<\/tr>\n<tr class=\"oddrow\" valign=\"top\">\n<td><strong><span style=\"color: #e95716;\"><a style=\"color: #e95716;\" href=\"https:\/\/www.arworld.us\/html\/18200.asp?id=1434\">ATT700M8G<\/a><\/span><\/strong><\/td>\n<td>700 MHz \u2013 7.5 GHz, 1200 Watt max, Trapezoidal Log Periyodik Anten<\/td>\n<\/tr>\n<tr class=\"evenrow\" valign=\"top\">\n<td><strong><span style=\"color: #e95716;\"><a style=\"color: #e95716;\" href=\"https:\/\/www.arworld.us\/html\/18200.asp?id=1316\">ATT700M12G<\/a><\/span><\/strong><\/td>\n<td>700 MHz &#8211; 12 GHz, 600 Watt max, Trapezoidal Log Periyodik Anten<\/td>\n<\/tr>\n<\/tbody>\n<\/table>\n<p>&nbsp;<\/p>\n<h3><strong>AR Y\u00fcksek Kazan\u00e7l\u0131 RF Horn Antenler<\/strong><\/h3>\n<table class=\"table table-striped table-reflow prodTable\" style=\"height: 225px;\" width=\"831\">\n<thead>\n<tr align=\"left\" valign=\"top\">\n<th align=\"LEFT\" nowrap=\"nowrap\">model<\/th>\n<th align=\"left\">a\u00e7\u0131klama<\/th>\n<\/tr>\n<\/thead>\n<tbody>\n<tr class=\"oddrow\" valign=\"top\">\n<td><strong><span style=\"color: #e95716;\"><a style=\"color: #e95716;\" href=\"https:\/\/www.arworld.us\/html\/18200.asp?id=98\">ATH200M1G<\/a><\/span><\/strong><\/td>\n<td>200 &#8211; 1000 MHz, 5000 Watt giri\u015f g\u00fcc\u00fc, Y\u00fcksek Kazan\u00e7l\u0131 Horn Anten with G\u00fc\u00e7l\u00fc Tripodu ile<\/td>\n<\/tr>\n<tr class=\"evenrow\" valign=\"top\">\n<td><strong><span style=\"color: #e95716;\"><a style=\"color: #e95716;\" href=\"https:\/\/www.arworld.us\/html\/18200.asp?id=633\">ATH200M1G-1<\/a><\/span><\/strong><\/td>\n<td>200 &#8211; 1000 MHz, 10,000 Watt giri\u015f g\u00fcc\u00fc, Y\u00fcksek Kazan\u00e7l\u0131\u00a0Horn Anten<\/td>\n<\/tr>\n<tr class=\"oddrow\" valign=\"top\">\n<td><strong><span style=\"color: #e95716;\"><a style=\"color: #e95716;\" href=\"https:\/\/www.arworld.us\/html\/18200.asp?id=101\">ATH400M1G<\/a><\/span><\/strong><\/td>\n<td>400 &#8211; 1000 MHz, 3000 Watt giri\u015f g\u00fcc\u00fc, Y\u00fcksek Kazan\u00e7l\u0131\u00a0Horn Anten<\/td>\n<\/tr>\n<tr class=\"evenrow\" valign=\"top\">\n<td><strong><span style=\"color: #e95716;\"><a style=\"color: #e95716;\" href=\"https:\/\/www.arworld.us\/html\/18200.asp?id=1237\">ATH800M6G<\/a><\/span><\/strong><\/td>\n<td>0.8 &#8211; 6 GHz, 2300 Watt giri\u015f g\u00fcc\u00fc, Y\u00fcksek Kazan\u00e7l\u0131\u00a0Horn Anten<\/td>\n<\/tr>\n<tr class=\"oddrow\" valign=\"top\">\n<td><strong><span style=\"color: #e95716;\"><a style=\"color: #e95716;\" href=\"https:\/\/www.arworld.us\/html\/18200.asp?id=1097\">ATH2G18<\/a><\/span><\/strong><\/td>\n<td>2 &#8211; 18 GHz, 300 Watt CW, Y\u00fcksek Gain Kazan\u00e7l\u0131 Anten<\/td>\n<\/tr>\n<tr class=\"evenrow\" valign=\"top\">\n<td><a href=\"https:\/\/www.arworld.us\/html\/18200.asp?id=1286\"><strong><span style=\"color: #e95716;\">ATH2G8A-1<\/span><\/strong><\/a><\/td>\n<td>2.5 &#8211; 7.5 GHz, 12,000 Watt giri\u015f g\u00fcc\u00fc, Y\u00fcksek Kazan\u00e7l\u0131\u00a0Horn Anten<\/td>\n<\/tr>\n<\/tbody>\n<\/table>\n<p>&nbsp;<\/p>\n<h3><strong>AR Mikrodalga Horn Antenler<\/strong><\/h3>\n<table class=\"table table-striped table-reflow prodTable\" style=\"height: 546px;\" width=\"835\">\n<thead>\n<tr align=\"left\" valign=\"top\">\n<th align=\"LEFT\" nowrap=\"nowrap\">model<\/th>\n<th align=\"left\">a\u00e7\u0131klama<\/th>\n<\/tr>\n<\/thead>\n<tbody>\n<tr class=\"oddrow\" valign=\"top\">\n<td><strong><span style=\"color: #e95716;\"><a style=\"color: #e95716;\" href=\"https:\/\/www.arworld.us\/html\/18200.asp?id=811\">ATH200M2G<\/a><\/span><\/strong><\/td>\n<td>200 MHz &#8211; 2 GHz, 1000 Watt giri\u015f g\u00fcc\u00fc, Y\u00fcksek Kazan\u00e7l\u0131\u00a0Horn Anten &#8211; RFI\/EMI Testi i\u00e7in<\/td>\n<\/tr>\n<tr class=\"evenrow\" valign=\"top\">\n<td><strong><span style=\"color: #e95716;\"><a style=\"color: #e95716;\" href=\"https:\/\/www.arworld.us\/html\/18200.asp?id=1523\">ATH1G18A<\/a><\/span><\/strong><\/td>\n<td>1 &#8211; 18 GHz, 300 Watt giri\u015f g\u00fcc\u00fc, Y\u00fcksek Kazan\u00e7l\u0131\u00a0Horn Anten<\/td>\n<\/tr>\n<tr class=\"oddrow\" valign=\"top\">\n<td><strong><span style=\"color: #e95716;\"><a style=\"color: #e95716;\" href=\"https:\/\/www.arworld.us\/html\/18200.asp?id=813\">ATH2G4<\/a><\/span><\/strong><\/td>\n<td>2 &#8211; 4 GHz, 1000 Watt CW \/ 17 kW Darbeli\u00a0giri\u015f g\u00fcc\u00fc, Y\u00fcksek G\u00fc\u00e7l\u00fc\u00a0Horn Anten &#8211; HIRF Testi i\u00e7in<\/td>\n<\/tr>\n<tr class=\"evenrow\" valign=\"top\">\n<td><strong><span style=\"color: #e95716;\"><a style=\"color: #e95716;\" href=\"https:\/\/www.arworld.us\/html\/18200.asp?id=584\">ATH2G10<\/a><\/span><\/strong><\/td>\n<td>2 &#8211; 10 GHz, 700 Watt giri\u015f g\u00fcc\u00fc, Y\u00fcksek Kazan\u00e7l\u0131\u00a0Horn Anten<\/td>\n<\/tr>\n<tr class=\"oddrow\" valign=\"top\">\n<td><strong><span style=\"color: #e95716;\"><a style=\"color: #e95716;\" href=\"https:\/\/www.arworld.us\/html\/18200.asp?id=107\">ATH2G8A<\/a><\/span><\/strong><\/td>\n<td>2.5 &#8211; 7.5 GHz, 12,000 Watt giri\u015f g\u00fcc\u00fc, Y\u00fcksek Kazan\u00e7l\u0131\u00a0Horn Anten &#8211; Waveguide<\/td>\n<\/tr>\n<tr class=\"evenrow\" valign=\"top\">\n<td><strong><span style=\"color: #e95716;\"><a style=\"color: #e95716;\" href=\"https:\/\/www.arworld.us\/html\/18200.asp?id=814\">ATH4G6<\/a><\/span><\/strong><\/td>\n<td>4 &#8211; 6 GHz, 800 Watt CW \/ 15 kW Pulse giri\u015f g\u00fcc\u00fc, Y\u00fcksek G\u00fc\u00e7l\u00fc Horn Anten &#8211; HIRF Testi i\u00e7in<\/td>\n<\/tr>\n<tr class=\"oddrow\" valign=\"top\">\n<td><strong><span style=\"color: #e95716;\"><a style=\"color: #e95716;\" href=\"https:\/\/www.arworld.us\/html\/18200.asp?id=103\">ATH4G8<\/a><\/span><\/strong><\/td>\n<td>4 &#8211; 8 GHz, 500 Watt giri\u015f g\u00fcc\u00fc, Y\u00fcksek Kazan\u00e7l\u0131\u00a0Horn Anten<\/td>\n<\/tr>\n<tr class=\"evenrow\" valign=\"top\">\n<td><strong><span style=\"color: #e95716;\"><a style=\"color: #e95716;\" href=\"https:\/\/www.arworld.us\/html\/18200.asp?id=815\">ATH6G8<\/a><\/span><\/strong><\/td>\n<td>6 &#8211; 8 GHz, 700 Watt CW \/ 10 kW Pulse giri\u015f g\u00fcc\u00fc, Y\u00fcksek G\u00fc\u00e7l\u00fc\u00a0Horn Anten &#8211; HIRF Testi i\u00e7in<\/td>\n<\/tr>\n<tr class=\"oddrow\" valign=\"top\">\n<td><strong><span style=\"color: #e95716;\"><a style=\"color: #e95716;\" href=\"https:\/\/www.arworld.us\/html\/18200.asp?id=1404\">ATH6G18<\/a><\/span><\/strong><\/td>\n<td>6 &#8211; 18 GHz, 3,000 Watt giri\u015f g\u00fcc\u00fc, Y\u00fcksek Kazan\u00e7l\u0131\u00a0Horn Anten &#8211; Waveguide<\/td>\n<\/tr>\n<tr class=\"evenrow\" valign=\"top\">\n<td><strong><span style=\"color: #e95716;\"><a style=\"color: #e95716;\" href=\"https:\/\/www.arworld.us\/html\/18200.asp?id=1525\">ATH7G18A<\/a><\/span><\/strong><\/td>\n<td>7.5 GHz &#8211; 18 GHz, 2800 Watt giri\u015f g\u00fcc\u00fc, Y\u00fcksek Kazan\u00e7l\u0131\u00a0Horn Anten<\/td>\n<\/tr>\n<tr class=\"oddrow\" valign=\"top\">\n<td><strong><span style=\"color: #e95716;\"><a style=\"color: #e95716;\" href=\"https:\/\/www.arworld.us\/html\/18200.asp?id=109\">ATH18G27A<\/a><\/span><\/strong><\/td>\n<td>18 &#8211; 26.5 GHz, 350 Watt giri\u015f g\u00fcc\u00fc, Y\u00fcksek Kazan\u00e7l\u0131\u00a0Horn Anten &#8211; Waveguide<\/td>\n<\/tr>\n<tr class=\"evenrow\" valign=\"top\">\n<td><strong><span style=\"color: #e95716;\"><a style=\"color: #e95716;\" href=\"https:\/\/www.arworld.us\/html\/18200.asp?id=112\">ATH18G27A-1<\/a><\/span><\/strong><\/td>\n<td>18 &#8211; 26.5 GHz, 350 Watt giri\u015f g\u00fcc\u00fc, Y\u00fcksek Kazan\u00e7l\u0131\u00a0Horn Anten (Geni\u015f I\u015f\u0131n geni\u015fli\u011fi) &#8211; Waveguide<\/td>\n<\/tr>\n<tr class=\"oddrow\" valign=\"top\">\n<td><strong><span style=\"color: #e95716;\"><a style=\"color: #e95716;\" href=\"https:\/\/www.arworld.us\/html\/18200.asp?id=111\">ATH18G40<\/a><\/span><\/strong><\/td>\n<td>18 &#8211; 40 GHz, 450 Watt giri\u015f g\u00fcc\u00fc, Y\u00fcksek Kazan\u00e7l\u0131\u00a0Horn Anten &#8211; Waveguide<\/td>\n<\/tr>\n<tr class=\"evenrow\" valign=\"top\">\n<td><span style=\"color: #e95716;\"><strong><a style=\"color: #e95716;\" href=\"https:\/\/www.arworld.us\/html\/18200.asp?id=113\">ATH26G40A-1<\/a><\/strong><\/span><\/td>\n<td>26.5 &#8211; 40 GHz, 240 Watt giri\u015f g\u00fcc\u00fc, Y\u00fcksek Kazan\u00e7l\u0131\u00a0Horn Anten (Geni\u015f I\u015f\u0131n geni\u015fli\u011fi) &#8211; Waveguide<\/td>\n<\/tr>\n<tr class=\"oddrow\" valign=\"top\">\n<td><strong><span style=\"color: #e95716;\"><a style=\"color: #e95716;\" href=\"https:\/\/www.arworld.us\/html\/18200.asp?id=110\">ATH26G40A<\/a><\/span><\/strong><\/td>\n<td>26.5 &#8211; 40 GHz, 400 Watt giri\u015f g\u00fcc\u00fc, Y\u00fcksek Kazan\u00e7l\u0131\u00a0Horn Anten &#8211; Waveguide<\/td>\n<\/tr>\n<tr class=\"evenrow\" valign=\"top\">\n<td><strong><span style=\"color: #e95716;\"><a style=\"color: #e95716;\" href=\"https:\/\/www.arworld.us\/html\/18200.asp?id=772\">ATH33G50<\/a><\/span><\/strong><\/td>\n<td>33 &#8211; 50 GHz, 250 Watt giri\u015f g\u00fcc\u00fc, Y\u00fcksek Kazan\u00e7l\u0131\u00a0Horn Anten &#8211; Waveguide<\/td>\n<\/tr>\n<\/tbody>\n<\/table>\n<p>&nbsp;<\/p>\n<h3><strong>AR E-Alan\u0131 Jenerat\u00f6r EMC Test Antenleri<\/strong><\/h3>\n<table class=\"table table-striped table-reflow prodTable\" style=\"height: 165px;\" width=\"838\">\n<thead>\n<tr align=\"left\" valign=\"top\">\n<th align=\"LEFT\" nowrap=\"nowrap\">model<\/th>\n<th align=\"left\">a\u00e7\u0131klama<\/th>\n<\/tr>\n<\/thead>\n<tbody>\n<tr class=\"oddrow\" valign=\"top\">\n<td><span style=\"color: #e95716;\"><strong><a style=\"color: #e95716;\" href=\"https:\/\/www.arworld.us\/html\/18200.asp?id=93\">ATE10K25M-1<\/a><\/strong><\/span><\/td>\n<td>10 kHz &#8211; 25 MHz, 3000 Watt giri\u015f g\u00fcc\u00fc, E Alan Jenerat\u00f6r\u00fc<\/td>\n<\/tr>\n<tr class=\"evenrow\" valign=\"top\">\n<td><strong><span style=\"color: #e95716;\"><a style=\"color: #e95716;\" href=\"https:\/\/www.arworld.us\/html\/18200.asp?id=1263\">ATE10K30MA<\/a><\/span><\/strong><\/td>\n<td>10 kHz &#8211; 30 MHz, 2000 Watt giri\u015f g\u00fcc\u00fc, E Alan Jenerat\u00f6r\u00fc<\/td>\n<\/tr>\n<tr class=\"oddrow\" valign=\"top\">\n<td><strong><span style=\"color: #e95716;\"><a style=\"color: #e95716;\" href=\"https:\/\/www.arworld.us\/html\/18200.asp?id=95\">ATE10K100M<\/a><\/span><\/strong><\/td>\n<td>10 kHz &#8211; 100 MHz, 500 Watt giri\u015f g\u00fcc\u00fc, E Alan Jenerat\u00f6r\u00fc<\/td>\n<\/tr>\n<tr class=\"evenrow\" valign=\"top\">\n<td><strong><span style=\"color: #e95716;\"><a style=\"color: #e95716;\" href=\"https:\/\/www.arworld.us\/html\/18200.asp?id=92\">ATC25M1G<\/a><\/span><\/strong><\/td>\n<td>25 &#8211; 1000 MHz, 3500 Watt giri\u015f g\u00fcc\u00fc, Cavitenna\u00ae<\/td>\n<\/tr>\n<\/tbody>\n<\/table>\n<p>&nbsp;<\/p>\n<h3><strong>AR Geni\u015f Bant Alan Anteni\u00a0<\/strong><\/h3>\n<table class=\"table table-striped table-reflow prodTable\" style=\"height: 127px;\" width=\"837\">\n<thead>\n<tr align=\"left\" valign=\"top\">\n<th align=\"LEFT\" nowrap=\"nowrap\">model<\/th>\n<th align=\"left\">a\u00e7\u0131klama<\/th>\n<\/tr>\n<\/thead>\n<tbody>\n<tr class=\"oddrow\" valign=\"top\">\n<td><strong><span style=\"color: #e95716;\"><a style=\"color: #e95716;\" href=\"https:\/\/www.arworld.us\/html\/18200.asp?id=114\">ATP10K100M<\/a><\/span><\/strong><\/td>\n<td>10 kHz &#8211; 100 MHz, 3000 Watt giri\u015f g\u00fcc\u00fc, Geni\u015f bantl\u0131 Transmisyon hatt\u0131, ayaklar\u0131 ile<\/td>\n<\/tr>\n<tr class=\"evenrow\" valign=\"top\">\n<td><strong><span style=\"color: #e95716;\"><a style=\"color: #e95716;\" href=\"https:\/\/www.arworld.us\/html\/18200.asp?id=115\">ATP10K100MM1<\/a><\/span><\/strong><\/td>\n<td>10 kHz &#8211; 100 MHz, 3000 Watt giri\u015f g\u00fcc\u00fc, transmisyon hatt\u0131 ayaks\u0131z<\/td>\n<\/tr>\n<tr class=\"oddrow\" valign=\"top\">\n<td><strong><span style=\"color: #e95716;\"><a style=\"color: #e95716;\" href=\"https:\/\/www.arworld.us\/html\/18200.asp?id=116\">ATP10K100MM4<\/a><\/span><\/strong><\/td>\n<td>M4 Versiyonu, alan jenerat\u00f6r\u00fcn\u00fcn \u00fc\u00e7 eksende d\u00f6nmesine ve y\u00fckseklik ayar\u0131na, 3000 watt giri\u015f g\u00fcc\u00fcne izin veren, 3 eksenli sehpa ile birlikte sa\u011flanan \u00f6zel bir sehpa ile birlikte gelir.<\/td>\n<\/tr>\n<\/tbody>\n<\/table>\n<p>&nbsp;<\/p>\n<h3><strong>AR Tripod, Ayak ve Pozisyon Aparatlar\u0131<\/strong><\/h3>\n<table class=\"table table-striped table-reflow prodTable\">\n<thead>\n<tr align=\"left\" valign=\"top\">\n<th>model<\/th>\n<th>a\u00e7\u0131klama<\/th>\n<\/tr>\n<\/thead>\n<tbody>\n<tr>\n<td><strong><span style=\"color: #e95716;\"><a style=\"color: #e95716;\" href=\"https:\/\/www.arworld.us\/html\/18200.asp?id=870\">AM1000<\/a><\/span><\/strong><\/td>\n<td>Anten Montaj Adapt\u00f6r\u00fc &#8211; anteni tripoddan \u00e7\u0131karmadan yatay ve dikey polarizasyon de\u011fi\u015fimine izin verir (AT1000, AT1000A)<\/td>\n<\/tr>\n<tr>\n<td><strong><span style=\"color: #e95716;\"><a style=\"color: #e95716;\" href=\"https:\/\/www.arworld.us\/html\/18200.asp?id=871\">AM1001<\/a><\/span><\/strong><\/td>\n<td>Anten Montaj Adapt\u00f6r\u00fc &#8211; anteni tripoddan \u00e7\u0131karmadan yatay ve dikey polarizasyon de\u011fi\u015fimine izin verir (AT1080, AT1080A)<\/td>\n<\/tr>\n<tr>\n<td><strong><span style=\"color: #e95716;\"><a style=\"color: #e95716;\" href=\"https:\/\/www.arworld.us\/html\/18200.asp?id=872\">AM6000<\/a><\/span><\/strong><\/td>\n<td>Anten Montaj Adapt\u00f6r\u00fc &#8211; anteni tripoddan \u00e7\u0131karmadan yatay ve dikey polarizasyon de\u011fi\u015fimine izin verir (AT5080, AT6080)<\/td>\n<\/tr>\n<tr>\n<td><span style=\"color: #e95716;\"><strong><a style=\"color: #e95716;\" href=\"https:\/\/www.arworld.us\/html\/18200.asp?id=1110\">AM8000<\/a><\/strong><\/span><\/td>\n<td>Anten Montaj Adapt\u00f6r\u00fc &#8211; anteni tripoddan \u00e7\u0131karmadan yatay ve dikey polarizasyon de\u011fi\u015fimine izin verir (AT4002A, AT4510, ATH1G4, ATH800M5G, ATH800M5GA, ATH800M6G)<\/td>\n<\/tr>\n<tr>\n<td><strong><span style=\"color: #e95716;\"><a style=\"color: #e95716;\" href=\"https:\/\/www.arworld.us\/html\/18200.asp?id=99\">AP4000<\/a><\/span><\/strong><\/td>\n<td>ATH200M1G ve ATH200M1G-1 i\u00e7in pozisyon aparat\u0131<\/td>\n<\/tr>\n<tr>\n<td><strong><span style=\"color: #e95716;\"><a style=\"color: #e95716;\" href=\"https:\/\/www.arworld.us\/html\/18200.asp?id=560\">AP5010B<\/a><\/span><\/strong><\/td>\n<td>ATR26M6G, ATR26M6G-1, ATR26M1G ve ATR26M250 i\u00e7in pozisyon aparat\u0131<\/td>\n<\/tr>\n<tr>\n<td><strong><span style=\"color: #e95716;\"><a style=\"color: #e95716;\" href=\"https:\/\/www.arworld.us\/html\/18200.asp?id=121\">TM1000<\/a><\/span><\/strong><\/td>\n<td>WRD-750 D24 dalga k\u0131lavuzu ve ATH7G18 anteni i\u00e7in mikrodalga horn tripod montaj sistemi (d\u00f6ner ba\u015fl\u0131k, anten braketi ve montaj silindiri dahil).<\/td>\n<\/tr>\n<tr>\n<td><strong><span style=\"color: #e95716;\"><a style=\"color: #e95716;\" href=\"https:\/\/www.arworld.us\/html\/18200.asp?id=122\">TM1001<\/a><\/span><\/strong><\/td>\n<td>WR-42 dalga k\u0131lavuzu ve ATH18G27 ve ATH18G27-1 antenleri i\u00e7in Tripod Montaj sistemi<\/td>\n<\/tr>\n<tr>\n<td><strong><span style=\"color: #e95716;\"><a style=\"color: #e95716;\" href=\"https:\/\/www.arworld.us\/html\/18200.asp?id=123\">TM1002<\/a><\/span><\/strong><\/td>\n<td>WR-28 dalga k\u0131lavuzu ve ATH26G40 ve ATH26G40-1 antenleri i\u00e7in Tripod Montaj sistemi<\/td>\n<\/tr>\n<tr>\n<td><strong><span style=\"color: #e95716;\"><a style=\"color: #e95716;\" href=\"https:\/\/www.arworld.us\/html\/18200.asp?id=855\">TP1000B<\/a><\/span><\/strong><\/td>\n<td>Metalik olmayan Tripod. 27,2 kg&#8217;dan daha hafif \u00e7o\u011fu AR antenini destekler. Uygulanabilir antenlerin tam listesi i\u00e7in teknik \u00f6zellikler sayfas\u0131na bak\u0131n.<\/td>\n<\/tr>\n<tr>\n<td><strong><span style=\"color: #e95716;\"><a style=\"color: #e95716;\" href=\"https:\/\/www.arworld.us\/html\/18200.asp?id=856\">TP1000BM1<\/a><\/span><\/strong><\/td>\n<td>TP1000B ile ayn\u0131, art\u0131s\u0131 tekerlekler \/ seviye ayaklar\u0131 ve d\u00f6ner adapt\u00f6r<\/td>\n<\/tr>\n<tr>\n<td><strong><span style=\"color: #e95716;\"><a style=\"color: #e95716;\" href=\"https:\/\/www.arworld.us\/html\/18200.asp?id=951\">TPK1000<\/a><\/span><\/strong><\/td>\n<td>Metalik Olmayan Tripod Aksesuar Kiti (TP1000A ve TP1000B modelleri i\u00e7in)<\/td>\n<\/tr>\n<tr>\n<td><strong><span style=\"color: #e95716;\"><a style=\"color: #e95716;\" href=\"https:\/\/www.arworld.us\/html\/18200.asp?id=126\">TP2000<\/a><\/span><\/strong><\/td>\n<td>Standart Metalik Tripod. 7,96 kg&#8217;dan daha hafif \u00e7o\u011fu AR antenini destekler. Uygulanabilir antenlerin tam listesi i\u00e7in teknik \u00f6zellikler sayfas\u0131na bak\u0131n.<\/td>\n<\/tr>\n<tr>\n<td><strong><span style=\"color: #e95716;\"><a style=\"color: #e95716;\" href=\"https:\/\/www.arworld.us\/html\/18200.asp?id=127\">TP2010<\/a><\/span><\/strong><\/td>\n<td>Metalik A\u011f\u0131r Hizmet Tipi Tripod<\/td>\n<\/tr>\n<tr>\n<td><strong><span style=\"color: #e95716;\"><a style=\"color: #e95716;\" href=\"https:\/\/www.arworld.us\/html\/18200.asp?id=1260\">TP3000<\/a><\/span><\/strong><\/td>\n<td>Y\u00fcksek kaliteli ah\u015fap ayakl\u0131 sehpa. SM40G ve SM400K G\u00fcvenlik \u00d6l\u00e7erler ile kullan\u0131m i\u00e7in ideal<\/td>\n<\/tr>\n<tr>\n<td><strong><span style=\"color: #e95716;\"><a style=\"color: #e95716;\" href=\"https:\/\/www.arworld.us\/html\/18200.asp?id=522\">TP4000<\/a><\/span><\/strong><\/td>\n<td>ATH200M1G ve ATH200M1G-1 modelleri i\u00e7in Metalik Tripod<\/td>\n<\/tr>\n<tr>\n<td><strong><span style=\"color: #e95716;\"><a style=\"color: #e95716;\" href=\"https:\/\/www.arworld.us\/html\/18200.asp?id=129\">AM9000<\/a><\/span><\/strong><\/td>\n<td>Antene ba\u011flant\u0131 i\u00e7in TP1000B anten adapt\u00f6r\u00fc<\/td>\n<\/tr>\n<\/tbody>\n<\/table>\n","protected":false},"excerpt":{"rendered":"<p>\u00c7ok \u00c7e\u015fitli Y\u00fcksek G\u00fc\u00e7, Log Periyodik, Y\u00fcksek Kazan\u00e7l\u0131 Korna ve E\u011fik Elemanl\u0131 Antenler &nbsp; Neredeyse t\u00fcm test prosed\u00fcrleri i\u00e7in ihtiya\u00e7 duydu\u011funuz antenler tam burada AR&#8217;de. Sa\u011flam, y\u00fcksek g\u00fc\u00e7l\u00fc antenlerden olu\u015fan eksiksiz bir \u00fcr\u00fcn yelpazesi sunuyoruz; ve t\u00fcm\u00fc AR amplifikat\u00f6rlerine frekans ve g\u00fc\u00e7 uyumlu oldu\u011fundan, tam&#8230;<\/p>\n","protected":false},"featured_media":1493,"template":"","meta":[],"product_brand":[],"product_cat":[71,45],"product_tag":[114,116,115,117,118,119,120,113,112,121,122],"class_list":{"0":"post-1492","1":"product","2":"type-product","3":"status-publish","4":"has-post-thumbnail","6":"product_cat-anten","7":"product_cat-emc","8":"product_tag-amplifier-research","9":"product_tag-ar-amplifikator","10":"product_tag-emc-amplifikator","11":"product_tag-emc-laboratuvar","12":"product_tag-mikrodalga","13":"product_tag-mikrodalga-amplifikator","14":"product_tag-mikrodalga-yukseltec","15":"product_tag-rf-amplifikator","16":"product_tag-rf-yukseltec","17":"product_tag-twt","18":"product_tag-twta","20":"first","21":"instock","22":"shipping-taxable","23":"product-type-simple"},"_links":{"self":[{"href":"https:\/\/www.orkoltd.com.tr\/ew\/wp-json\/wp\/v2\/product\/1492","targetHints":{"allow":["GET"]}}],"collection":[{"href":"https:\/\/www.orkoltd.com.tr\/ew\/wp-json\/wp\/v2\/product"}],"about":[{"href":"https:\/\/www.orkoltd.com.tr\/ew\/wp-json\/wp\/v2\/types\/product"}],"wp:featuredmedia":[{"embeddable":true,"href":"https:\/\/www.orkoltd.com.tr\/ew\/wp-json\/wp\/v2\/media\/1493"}],"wp:attachment":[{"href":"https:\/\/www.orkoltd.com.tr\/ew\/wp-json\/wp\/v2\/media?parent=1492"}],"wp:term":[{"taxonomy":"product_brand","embeddable":true,"href":"https:\/\/www.orkoltd.com.tr\/ew\/wp-json\/wp\/v2\/product_brand?post=1492"},{"taxonomy":"product_cat","embeddable":true,"href":"https:\/\/www.orkoltd.com.tr\/ew\/wp-json\/wp\/v2\/product_cat?post=1492"},{"taxonomy":"product_tag","embeddable":true,"href":"https:\/\/www.orkoltd.com.tr\/ew\/wp-json\/wp\/v2\/product_tag?post=1492"}],"curies":[{"name":"wp","href":"https:\/\/api.w.org\/{rel}","templated":true}]}}