{"id":1515,"date":"2026-02-12T15:02:44","date_gmt":"2026-02-12T12:02:44","guid":{"rendered":"https:\/\/www.orkoltd.com.tr\/ew\/?post_type=product&#038;p=1515"},"modified":"2026-02-12T15:02:44","modified_gmt":"2026-02-12T12:02:44","slug":"siepel-emc-odalari-ve-ekipmanlari","status":"publish","type":"product","link":"https:\/\/www.orkoltd.com.tr\/ew\/urun\/siepel-emc-odalari-ve-ekipmanlari\/","title":{"rendered":"SIEPEL EMC ODALARI VE EK\u0130PMANLARI"},"content":{"rendered":"<p><img fetchpriority=\"high\" decoding=\"async\" class=\"aligncenter size-medium wp-image-1812\" src=\"https:\/\/orkoltd.com.tr\/ew\/wp-content\/uploads\/2021\/05\/Chambre-RF-3-300x202.jpg\" alt=\"\" width=\"300\" height=\"202\" srcset=\"https:\/\/www.orkoltd.com.tr\/ew\/wp-content\/uploads\/2021\/05\/Chambre-RF-3-300x202.jpg 300w, https:\/\/www.orkoltd.com.tr\/ew\/wp-content\/uploads\/2021\/05\/Chambre-RF-3-1024x688.jpg 1024w, https:\/\/www.orkoltd.com.tr\/ew\/wp-content\/uploads\/2021\/05\/Chambre-RF-3-768x516.jpg 768w, https:\/\/www.orkoltd.com.tr\/ew\/wp-content\/uploads\/2021\/05\/Chambre-RF-3-1536x1032.jpg 1536w, https:\/\/www.orkoltd.com.tr\/ew\/wp-content\/uploads\/2021\/05\/Chambre-RF-3-700x470.jpg 700w, https:\/\/www.orkoltd.com.tr\/ew\/wp-content\/uploads\/2021\/05\/Chambre-RF-3-1100x739.jpg 1100w, https:\/\/www.orkoltd.com.tr\/ew\/wp-content\/uploads\/2021\/05\/Chambre-RF-3-600x403.jpg 600w, https:\/\/www.orkoltd.com.tr\/ew\/wp-content\/uploads\/2021\/05\/Chambre-RF-3.jpg 1600w\" sizes=\"(max-width: 300px) 100vw, 300px\" \/><\/p>\n<p>&nbsp;<\/p>\n<p>Elektromanyetik Uyumluluk (EMC), Mikrodalga \/ anten \u00f6l\u00e7\u00fcm\u00fc ve ayn\u0131 zamanda siber g\u00fcvenlik alanlar\u0131 i\u00e7in elektromanyetik emiciler (absorber) ve korumal\u0131 odalar tasarlama, \u00fcretme ve uygulama konusunda uzmanla\u015fm\u0131\u015f olan SIEPEL, uygulama alan\u0131n\u0131, akredite \u00f6l\u00e7\u00fcmlerin ger\u00e7ekle\u015ftirilmesine kadar geni\u015fletmi\u015ftir. SIEPEL, t\u00fcm departmanlar\u0131n\u0131 bir araya getiren benzersiz bir \u00fcretim tesisinde \u00e7al\u0131\u015fmaktad\u0131r: Ar-Ge, tasar\u0131m, sat\u0131n alma, pazarlama, at\u00f6lyeler, kalite, \u00f6l\u00e7\u00fcmler vb. Becerilerin bu \u015fekilde merkezile\u015ftirilmesi, SIEPEL&#8217;in en talepkar m\u00fc\u015fterilerin taleplerini cevaplamada aktif olmas\u0131n\u0131 sa\u011flar.<\/p>\n<p>&nbsp;<\/p>\n<p>ORKO, SIEPEL ile \u00e7al\u0131\u015farak m\u00fc\u015fterilerimize g\u00fc\u00e7l\u00fc destek sa\u011flar; bilgi birikimimiz ve uzmanl\u0131\u011f\u0131m\u0131z sayesinde ihtiya\u00e7lara m\u00fcmk\u00fcn oldu\u011funca cevap verir ve her projeyi \u00f6zelle\u015ftirmeleri i\u00e7in m\u00fc\u015fterilerimize rehberlik ederiz. T\u00fcrkiye&#8217;de beraber tamamlam\u0131\u015f oldu\u011fumuz onlarca farkl\u0131 proje vard\u0131r.<\/p>\n<p>&nbsp;<\/p>\n<p>SIEPEL taraf\u0131ndan sunulan EMC Odalar\u0131 ve Ekipmanlar\u0131n\u0131 grupland\u0131r\u0131rsak:<\/p>\n<p>&nbsp;<\/p>\n<ul>\n<li>EMC yank\u0131s\u0131z oda &#8211; tasar\u0131m\u0131ndan kuruluma (Anechoic chamber)<\/li>\n<li>Geni\u015f bantl\u0131 emiciler (k\u00f6p\u00fck veya piramidal)<\/li>\n<li>Dar bantl\u0131 emiciler<\/li>\n<li>Y\u00fcksek g\u00fc\u00e7 emiciler<\/li>\n<li>Anten \u00f6l\u00e7\u00fcm sistem odalar\u0131<\/li>\n<li>Ferrit karolarla ve g\u00fcvenli odalar<\/li>\n<li>Faraday kafesler<\/li>\n<li>G\u00fcvenli odalar<\/li>\n<\/ul>\n<p>&nbsp;<\/p>\n<p>&nbsp;<\/p>\n","protected":false},"excerpt":{"rendered":"<p>&nbsp; Elektromanyetik Uyumluluk (EMC), Mikrodalga \/ anten \u00f6l\u00e7\u00fcm\u00fc ve ayn\u0131 zamanda siber g\u00fcvenlik alanlar\u0131 i\u00e7in elektromanyetik emiciler (absorber) ve korumal\u0131 odalar tasarlama, \u00fcretme ve uygulama konusunda uzmanla\u015fm\u0131\u015f olan SIEPEL, uygulama alan\u0131n\u0131, akredite \u00f6l\u00e7\u00fcmlerin ger\u00e7ekle\u015ftirilmesine kadar geni\u015fletmi\u015ftir. SIEPEL, t\u00fcm departmanlar\u0131n\u0131 bir araya getiren benzersiz bir \u00fcretim&#8230;<\/p>\n","protected":false},"featured_media":1813,"template":"","meta":[],"product_brand":[],"product_cat":[16,45],"product_tag":[],"class_list":{"0":"post-1515","1":"product","2":"type-product","3":"status-publish","4":"has-post-thumbnail","6":"product_cat-diger","7":"product_cat-emc","9":"first","10":"instock","11":"shipping-taxable","12":"product-type-simple"},"_links":{"self":[{"href":"https:\/\/www.orkoltd.com.tr\/ew\/wp-json\/wp\/v2\/product\/1515","targetHints":{"allow":["GET"]}}],"collection":[{"href":"https:\/\/www.orkoltd.com.tr\/ew\/wp-json\/wp\/v2\/product"}],"about":[{"href":"https:\/\/www.orkoltd.com.tr\/ew\/wp-json\/wp\/v2\/types\/product"}],"wp:featuredmedia":[{"embeddable":true,"href":"https:\/\/www.orkoltd.com.tr\/ew\/wp-json\/wp\/v2\/media\/1813"}],"wp:attachment":[{"href":"https:\/\/www.orkoltd.com.tr\/ew\/wp-json\/wp\/v2\/media?parent=1515"}],"wp:term":[{"taxonomy":"product_brand","embeddable":true,"href":"https:\/\/www.orkoltd.com.tr\/ew\/wp-json\/wp\/v2\/product_brand?post=1515"},{"taxonomy":"product_cat","embeddable":true,"href":"https:\/\/www.orkoltd.com.tr\/ew\/wp-json\/wp\/v2\/product_cat?post=1515"},{"taxonomy":"product_tag","embeddable":true,"href":"https:\/\/www.orkoltd.com.tr\/ew\/wp-json\/wp\/v2\/product_tag?post=1515"}],"curies":[{"name":"wp","href":"https:\/\/api.w.org\/{rel}","templated":true}]}}