{"id":1581,"date":"2023-03-13T10:46:15","date_gmt":"2023-03-13T07:46:15","guid":{"rendered":"https:\/\/orkoltd.com.tr\/ew\/?post_type=product&#038;p=1581"},"modified":"2023-03-13T16:28:02","modified_gmt":"2023-03-13T13:28:02","slug":"oneadvisor800","status":"publish","type":"product","link":"https:\/\/www.orkoltd.com.tr\/ew\/urun\/oneadvisor800\/","title":{"rendered":"ONEADVISOR 800 \u00d6l\u00e7\u00fcm Platformu"},"content":{"rendered":"<p style=\"font-weight: 400;\">VIAVI OneAdvisor 800, kara mobil telsiz a\u011flar\u0131ndan \u00f6zel 5G a\u011flar\u0131na ve hala m\u00fckemmel hizmet sa\u011flayan eski a\u011flara kadar her t\u00fcrden telsiz eri\u015fim a\u011flar\u0131n\u0131 do\u011frulamak ve sorunlar\u0131n\u0131 gidermek i\u00e7in zarif bir \u015fekilde tasarlanm\u0131\u015f \u00e7ok y\u00f6nl\u00fc ta\u015f\u0131nabilir bir \u00f6l\u00e7\u00fcm platformudur. OneAdvisor 800, farkl\u0131 test uygulamalar\u0131n\u0131 kapsayan, \u00f6l\u00e7eklenen ve a\u015fa\u011f\u0131dakiler dahil bir\u00e7ok farkl\u0131 kullan\u0131c\u0131 grubuna uyarlanan \u00e7ok i\u015flevli mimariden yararlan\u0131r:<\/p>\n<p>&nbsp;<\/p>\n<p style=\"font-weight: 400;\"><strong>Telsiz Sistemi Kurulumu:<\/strong>\u00a044GHZ&#8217;e kadar herhangi bir al\u0131c\u0131\/verici sisteminin anten ve hatlar\u0131n\u0131n t\u00fcm testleri OneAdvisor 800 ile h\u0131zl\u0131 bir \u015fekilde kontrol edilir, raporlan\u0131r: Koaksiyel kablolar\u0131, antenleri ve ayr\u0131ca istenirse ethernet hatlar\u0131n veya fiber kablo karakterizasyonunu ve incelemesini yapar, sistemi do\u011frulars\u0131n\u0131z.<\/p>\n<p><strong>Telsiz Sistemi Kontrolu:<\/strong><span style=\"font-weight: 400;\"> Telsizin veya r\u00f6lenin alma\/g\u00f6ndermesini standartlar\u0131na g\u00f6re kolayca do\u011frular, verici g\u00fc\u00e7 seviyesini kontrol eder, kapsama alan\u0131n\u0131 denetlersiniz. Ayr\u0131ca birden \u00e7ok sinyal giri\u015fimi t\u00fcr\u00fcn\u00fc (enterferans) belirleyebilir ve yerini kestirebilirsiniz.<\/span><\/p>\n<p><strong>5G NR, 4G LTE Sistemi Kurulumu ve Kontrolu:<\/strong> H\u00fccre antenleri (y\u00f6n ayar\u0131 da dahil) ve anten kablosunun VSWR ve D\u00f6n\u00fc\u015f Kayb\u0131 \u00f6l\u00e7\u00fcm\u00fc, fiber hatlardaki kontrollar (Fiber Denetleme, OTDR, SFP\/SFP+\/QFSP, CPRI Rate (1-9), 10G, 25G eCPRI, optik s\u00fcreklilik ve g\u00fc\u00e7) da dahil olmak \u00fczere, bir GSM Kule, baz istasyon veya laboratuarda yap\u0131labilecek t\u00fcm testleri ONA-800 ile yapabilirsiniz.<\/p>\n<p><strong>Enterferans bulma, Sinyal izleme, Kestirme yapma, Jammer tespiti:<\/strong> Y\u00f6nl\u00fc ve y\u00f6ns\u00fcz antenleri ve GPS yard\u0131m\u0131 ile online harita \u00fczerine t\u00fcm g\u00fc\u00e7 \u00f6l\u00e7\u00fcmlerini hatas\u0131z i\u015fler, detayl\u0131 g\u00fcr\u00fclt\u00fc kaynaklar\u0131n\u0131 bulabilir, verici yay\u0131n yeri kestirme gibi bir\u00e7ok \u00f6zel i\u015flemleri ONA-800 ile kolayl\u0131kla yapabilirsiniz.<\/p>\n<p>&nbsp;<\/p>\n<h3>\u00d6zellikleri<\/h3>\n<ul>\n<li>100 kHz ila 44 GHz frekans aral\u0131\u011f\u0131 (opsiyona g\u00f6re: \u00a06, 9, 18.5, 32 veya 44 GHZ)<\/li>\n<li>Havadaki sinyali alan RF Spectrum Analiz\u00f6r\u00fc, Spectrogram, Ger\u00e7ek Zamanl\u0131 (100MHz), 72 saat kay\u0131t yapma<\/li>\n<li>Enterferans Analiz\u00f6r\u00fc &#8211; kaydedilen sinyalleri sonradan inceleme<\/li>\n<li>EMF Analiz\u00f6r\u00fc<\/li>\n<li>Anten Test ve kablo testleri (VSWR, Return Loss, Distance To Fault, Cable Loss, Phase, Cable Delay,Smith Chart)<\/li>\n<li>4G LTE (TDD veya FDD) Analiz\u00f6r\u00fc<\/li>\n<li>5G NR Sinyal Analiz\u00f6r\u00fc<\/li>\n<li>NSA Sinyal Analiz\u00f6r\u00fc<\/li>\n<li>5G ve LTE DSS Sinyal Analiz\u00f6r\u00fc<\/li>\n<li>RFoCPRI Analizi<\/li>\n<li>O-DU Em\u00fclasyonu<\/li>\n<li>Ethernet hatlar\u0131 analizi<\/li>\n<li>Channel Scanner &#8211; harita \u00fczerine RSSI i\u015fleme, farkl\u0131 teknolojileri kullanan sinyaller i\u00e7in<\/li>\n<li>Blind Scanner<\/li>\n<li>TDD Auto Gated Spectrum<\/li>\n<li>O-RAN (Open Radio Access Network) Analiz\u00f6r\u00fc<\/li>\n<li>\u0130nternet taray\u0131c\u0131s\u0131na benzer \u00e7ok sekmeli kullan\u0131c\u0131 aray\u00fcz\u00fc<\/li>\n<li>VIAVI StrataSync entegrasyonu, cihaz yap\u0131land\u0131rma ve test raporlar\u0131n\u0131n bulutta y\u00f6netimi<\/li>\n<li>VNC veya Smart Access Anywhere ile Windows, Android ve iOS kullanarak test setini uzaktan kontrol<\/li>\n<\/ul>\n<p>&nbsp;<\/p>\n<h3>Platformlar<\/h3>\n<p>OneAdvisor 800 ihtiyaca g\u00f6re farkl\u0131 platformlarda \u00f6zelle\u015ftirilmi\u015f olarak da haz\u0131rlanabilir. Ya da isterseniz zaman i\u00e7inde siz de opsiyonlar ekleyerek t\u00fcm platformlar\u0131 i\u00e7eren bir cihaza sahip olabilirsiniz:<\/p>\n<p><strong>OneAdvisor 800 Telsiz ve GSM Platformu<\/strong>: Spectrum Analiz\u00f6r t\u00fcm platformlarda bulunur. Ger\u00e7ek zamanl\u0131 Spektrum Analiz\u00f6r ve Spectrogram, Channal Scanner, Enterferans yeri bulma, verici yerini saptama, LTE ve 5G sinyalleri \u00e7abuk bulmak i\u00e7in Blind Scanner, Kablo ve anten geri d\u00f6n\u00fc\u015f testleri, filitre ve duplexer ayar\u0131 i\u00e7in 2 u\u00e7lu verici modu gibi daha bir \u00e7ok \u00f6zelli\u011fin bulundu\u011fu platform ile t\u00fcm al\u0131\/verici ve GSM istasyonlar\u0131 testleri yap\u0131labilir.<\/p>\n<p><strong>OneAdvisor 800 Transport Platformu<\/strong>: 400G bite kadar y\u00fcksek kapasiteli ethernet a\u011flar\u0131 test edin. OTDR ve OSA Fiber testi yap\u0131n. Sekt\u00f6r\u00fcn en ufak cihaz\u0131, y\u00fcksek pil \u00f6mr\u00fc ve benzersiz so\u011futma \u00f6zelli\u011fi ile h\u0131zl\u0131 testler i\u00e7in tasarlanm\u0131\u015ft\u0131r.<\/p>\n<p><strong>OneAdvisor 800 Fiber Platformu:<\/strong> Yeni WDM servislerinin kontrolu (CWDM, DWDM, MWDM, LWDM). Y\u00fcksek h\u0131zl\u0131 servis aktivasyonu, OSA plus Ethernet\/BERT test, OTDR ve PON-OTDR testi, optik ba\u011flant\u0131 kontrolu, FiberComplete PRO\u2122 \u00c7ift Y\u00f6nl\u00fc IL\/ORL ve OTDR (TruBIDIR),\u00a0DWDM OTDR,\u00a0Optik spektral test ve geli\u015fmi\u015f da\u011f\u0131l\u0131m testi. Fiber i\u00e7in de benzersiz bir platformdur.<\/p>\n<p>&nbsp;<\/p>\n<p>&nbsp;<\/p>\n<h3>\u00d6nce frekans\u0131n\u0131 se\u00e7in, sonra da istedi\u011finiz donan\u0131m ve yaz\u0131l\u0131m opsiyonlar\u0131n\u0131:<\/h3>\n<p>&nbsp;<\/p>\n<h5>6 GHz Telsiz Analiz Mod\u00fcl\u00fc (SPA06MA-O)<\/h5>\n<p style=\"font-weight: 400;\">OneAdvisor 800 ile e\u015fle\u015fen radyo analiz mod\u00fclleri ailesi. Test yetenekleri: spektrum analizi, sinyal analizi, GSM kuleler i\u00e7in RFoCPRI giri\u015fim analizi, Ethernet ve O-DU-Em\u00fclasyonu.<\/p>\n<p>&nbsp;<\/p>\n<h5>Di\u011fer Telsiz Analiz Mod\u00fclleri (RA09MA-O, RA18MA-O, RA32MA-O, RA44MA-O)<\/h5>\n<p>OneAdvisor 800 ile 44 GHz&#8217;e kadar e\u015fle\u015fen radyo analiz mod\u00fclleri ailesi.\u00a09GHZ, 18.5GHz, 32 GHz, 44GHz mod\u00fcllerinden birisi se\u00e7ilebilir.<\/p>\n<p>&nbsp;<\/p>\n<h5>Kablo ve Anten Analiz Mod\u00fcl\u00fc (CAA06M)<\/h5>\n<p>OneAdvisor 800 i\u00e7in 6 GHz Anten ve Kablo Test Mod\u00fcl\u00fc:\u00a0VIAVI CAA06M CAA Mod\u00fcl\u00fc, telsiz, r\u00f6le ve GSM sahas\u0131 kurulumunun h\u0131zl\u0131, g\u00fcvenilir ve etkili karakterizasyonunu ve do\u011frulanmas\u0131n\u0131 sa\u011flayan, end\u00fcstrinin ilk kompakt boyutlu mod\u00fcler kablo ve anten analiz\u00f6r\u00fcd\u00fcr.<\/p>\n<p style=\"font-weight: 400;\"><strong>\u00d6zellikleri:<\/strong><\/p>\n<ul>\n<li>Dosya ad\u0131nda manuel giri\u015fleri ortadan kald\u0131ran otomatik dosya adland\u0131rma<\/li>\n<li>Zaman i\u00e7inde sinyal bozulmas\u0131n\u0131 alg\u0131layan izleme yerle\u015fimi<\/li>\n<li>H\u0131zl\u0131 ve verimli \u00f6l\u00e7\u00fcmlere izin veren \u00e7ift ekran ve \u00e7oklu sekmeler<\/li>\n<li>Sorunu an\u0131nda bildiren otomatik ba\u015far\u0131l\u0131\/ba\u015far\u0131s\u0131z analizi<\/li>\n<li>Entegre RF CW kayna\u011f\u0131<\/li>\n<li>Daha h\u0131zl\u0131 ve daha kolay kalibre eden EZ-Cal\u2122<\/li>\n<li>Test i\u015flemi otomasyonu ve birle\u015ftirilmi\u015f raporlar sa\u011flayan CAA Check ve Job Manager<\/li>\n<\/ul>\n<p style=\"font-weight: 400;\"><strong>T\u00fcm \u00d6l\u00e7\u00fcmler:<\/strong><\/p>\n<ul>\n<li>Reflection &#8211; VSWR ve Return Loss<\/li>\n<li>Distance To Fault &#8211; VSWR, Return Loss ve Delay<\/li>\n<li>1 Port Cable Loss<\/li>\n<li>1 Port Phase<\/li>\n<li>Smith Chart<\/li>\n<li>2 Port Transmission<\/li>\n<li>RF Source<\/li>\n<li>CAA Check<\/li>\n<\/ul>\n<p>&nbsp;<\/p>\n<h5>Zamanlama Geni\u015fletme Mod\u00fcl\u00fc V2 (TEM V2)<\/h5>\n<p>OneAdvisor 800 i\u00e7in A\u011f Zamanlamas\u0131 ve Senkronizasyonu<br \/>\nSaha i\u00e7in optimize edilmi\u015f Zamanlama Geni\u015fletme Mod\u00fcl\u00fc Versiyon 2 (TEM V2), sahada ta\u015f\u0131nabilir zamanlama ve senkronizasyon \u00f6l\u00e7\u00fcmlerinde end\u00fcstri lideri do\u011fruluk sunarak a\u011f operat\u00f6rlerinin hassas senkronizasyonu s\u00fcrd\u00fcrmelerine yard\u0131mc\u0131 olur.<\/p>\n<p>&nbsp;<\/p>\n<h5>Nano OSA Mod\u00fcl\u00fc (4100 Serisi)<\/h5>\n<p>Herhangi bir WDM hizmetinin konu\u015fland\u0131r\u0131lmas\u0131 i\u00e7in sahada dayan\u0131kl\u0131 bir pakette kanal do\u011frulama ve optik spektrum analizi i\u00e7in tam dalga boyu y\u00fcksek \u00e7\u00f6z\u00fcn\u00fcrl\u00fckl\u00fc \u00f6l\u00e7\u00fcm sunan Kompakt Nano OSA\u2122 mod\u00fcl\u00fc.<\/p>\n<p>&nbsp;<\/p>\n<h5>DWDM Optik Kanal Kontrol Mod\u00fcl\u00fc (OCC-4056C)<\/h5>\n<p>OCC-4056C mod\u00fcl\u00fc, bir OSA&#8217;n\u0131n i\u015flevselli\u011fini ve h\u0131z\u0131n\u0131, geleneksel bir OSA&#8217;n\u0131n fiyat\u0131n\u0131n \u00e7ok alt\u0131nda avu\u00e7 i\u00e7i boyutta sunar. Metro\/eri\u015fim ba\u011flant\u0131lar\u0131 ve DWDM sistemleri i\u00e7in ideal bir test arac\u0131d\u0131r.<\/p>\n<p>&nbsp;<\/p>\n<h5>CWDM Optik Spektrum Analiz\u00f6r Mod\u00fcl\u00fc (COSA-4055)<\/h5>\n<p>COSA-4055 mod\u00fcl\u00fc, bir OSA&#8217;n\u0131n i\u015flevselli\u011fini ve h\u0131z\u0131n\u0131, geleneksel bir OSA&#8217;n\u0131n fiyat\u0131n\u0131n \u00e7ok alt\u0131nda avu\u00e7 i\u00e7i boyutta sunar. Metro\/eri\u015fim ba\u011flant\u0131lar\u0131 ve CWDM sistemleri i\u00e7in ideal bir test arac\u0131d\u0131r.<\/p>\n<p>&nbsp;<\/p>\n<h5>OTDR A, B ve C Mol\u00fclleri (4100 Serisi)<\/h5>\n<p>Uzun mesafeli, metro, FTTx\/PON, eri\u015fim ve kurumsal a\u011flar\u0131n kurulumunda, devreye al\u0131nmas\u0131nda ve bak\u0131m\u0131nda kullan\u0131m i\u00e7in OTDR test \u00e7\u00f6z\u00fcm\u00fc.<\/p>\n<p>&nbsp;<\/p>\n<h5>CWDM OTDR Mod\u00fclleri (4100 Serisi)<\/h5>\n<p>Hizmet i\u00e7i CWDM fiber a\u011flar\u0131n\u0131 da\u011f\u0131tmak veya bak\u0131m\u0131n\u0131 yapmak ve sorunlar\u0131n\u0131 gidermek i\u00e7in bir CWDM OTDR test \u00e7\u00f6z\u00fcm\u00fc.<\/p>\n<p>&nbsp;<\/p>\n<h5>DWDM OTDR Mod\u00fclleri (4100 Serisi)<\/h5>\n<p>Hizmet i\u00e7i DWDM fiber a\u011flar\u0131n\u0131 da\u011f\u0131tmak veya bak\u0131m\u0131n\u0131 yapmak ve sorunlar\u0131n\u0131 gidermek i\u00e7in bir DWDM OTDR test \u00e7\u00f6z\u00fcm\u00fc.<\/p>\n<p>&nbsp;<\/p>\n<h3>Linkler:<\/h3>\n<p><strong><a href=\"https:\/\/www.viavisolutions.com\/en-us\/products\/oneadvisor-800-wireless-platform#resources_literature\">Bro\u015f\u00fcrler \/\u00a0Data Sheetler \/ Kitaplar\u0131<\/a><\/strong><\/p>\n<p><strong><a href=\"https:\/\/www.viavisolutions.com\/en-us\/products\/oneadvisor-800-wireless-platform#resources_videos\">Videolar<\/a><\/strong><\/p>\n","protected":false},"excerpt":{"rendered":"<p>VIAVI OneAdvisor 800, kara mobil telsiz a\u011flar\u0131ndan \u00f6zel 5G a\u011flar\u0131na ve hala m\u00fckemmel hizmet sa\u011flayan eski a\u011flara kadar her t\u00fcrden telsiz eri\u015fim a\u011flar\u0131n\u0131 do\u011frulamak ve sorunlar\u0131n\u0131 gidermek i\u00e7in zarif bir \u015fekilde tasarlanm\u0131\u015f \u00e7ok y\u00f6nl\u00fc ta\u015f\u0131nabilir bir \u00f6l\u00e7\u00fcm platformudur. OneAdvisor 800, farkl\u0131 test uygulamalar\u0131n\u0131 kapsayan, \u00f6l\u00e7eklenen&#8230;<\/p>\n","protected":false},"featured_media":1582,"template":"","meta":[],"product_brand":[],"product_cat":[68],"product_tag":[140,139,137,29,126,136,131,144,142,84,61,125,138,143,91,134,141,27,133],"class_list":{"0":"post-1581","1":"product","2":"type-product","3":"status-publish","4":"has-post-thumbnail","6":"product_cat-test-cihazi","7":"product_tag-4g","8":"product_tag-5g","9":"product_tag-5g-nr","10":"product_tag-analyzer","11":"product_tag-android","12":"product_tag-bluetooth","13":"product_tag-comm","14":"product_tag-cpri","15":"product_tag-fdd","16":"product_tag-gps","17":"product_tag-gsm","18":"product_tag-ios","19":"product_tag-ona-800","20":"product_tag-rfocpri","21":"product_tag-spectrum-analyzer","22":"product_tag-stratasync","23":"product_tag-tdd","24":"product_tag-test","25":"product_tag-vector-network-analyzer","27":"first","28":"instock","29":"shipping-taxable","30":"product-type-simple"},"_links":{"self":[{"href":"https:\/\/www.orkoltd.com.tr\/ew\/wp-json\/wp\/v2\/product\/1581","targetHints":{"allow":["GET"]}}],"collection":[{"href":"https:\/\/www.orkoltd.com.tr\/ew\/wp-json\/wp\/v2\/product"}],"about":[{"href":"https:\/\/www.orkoltd.com.tr\/ew\/wp-json\/wp\/v2\/types\/product"}],"wp:featuredmedia":[{"embeddable":true,"href":"https:\/\/www.orkoltd.com.tr\/ew\/wp-json\/wp\/v2\/media\/1582"}],"wp:attachment":[{"href":"https:\/\/www.orkoltd.com.tr\/ew\/wp-json\/wp\/v2\/media?parent=1581"}],"wp:term":[{"taxonomy":"product_brand","embeddable":true,"href":"https:\/\/www.orkoltd.com.tr\/ew\/wp-json\/wp\/v2\/product_brand?post=1581"},{"taxonomy":"product_cat","embeddable":true,"href":"https:\/\/www.orkoltd.com.tr\/ew\/wp-json\/wp\/v2\/product_cat?post=1581"},{"taxonomy":"product_tag","embeddable":true,"href":"https:\/\/www.orkoltd.com.tr\/ew\/wp-json\/wp\/v2\/product_tag?post=1581"}],"curies":[{"name":"wp","href":"https:\/\/api.w.org\/{rel}","templated":true}]}}