{"id":1670,"date":"2024-04-18T14:44:05","date_gmt":"2024-04-18T11:44:05","guid":{"rendered":"https:\/\/www.orkoltd.com.tr\/ew\/?post_type=product&#038;p=1670"},"modified":"2024-04-22T16:13:41","modified_gmt":"2024-04-22T13:13:41","slug":"pacific-power-source-ects2-serisi","status":"publish","type":"product","link":"https:\/\/www.orkoltd.com.tr\/ew\/urun\/pacific-power-source-ects2-serisi\/","title":{"rendered":"PACIFIC POWER SOURCE &#8211; ECTS2 SER\u0130S\u0130"},"content":{"rendered":"<h3><strong>\u00a0IEC Harmonics ve Flipper Test Sistemleri &#8211; EMC Test Sistemi<\/strong><\/h3>\n<p>&nbsp;<\/p>\n<p><strong>EMC<\/strong> Uyumluluk Test Sistemleri, tek ve \u00fc\u00e7 fazl\u0131 IEC 61000-3-XX AC &#8211; G\u00fc\u00e7 Hatt\u0131 Harmonikleri ve Titre\u015fimin yan\u0131 s\u0131ra IEC 61000-4-XX&#8217;yi desteklemek i\u00e7in geli\u015fmi\u015f bir Harmonik ve Titre\u015fim \u00f6l\u00e7\u00fcm sistemi ve yeni tasarlanm\u0131\u015f titre\u015fim empedans\u0131 se\u00e7eneklerini kullan\u0131r AC \u2013 Faz ba\u015f\u0131na maksimum gerekli ak\u0131m olan 75A&#8217;e kadar EUT&#8217;lar\u0131n G\u00fc\u00e7 Hatt\u0131 ba\u011f\u0131\u015f\u0131kl\u0131k uyumluluk testi.<\/p>\n<p>&nbsp;<\/p>\n<p>&nbsp;<\/p>\n<p><strong>\u00d6ne \u00c7\u0131kan \u00d6zellikleri<\/strong><\/p>\n<ul>\n<li>Yaln\u0131zca AC veya AC ve DC Test Sistemleri<\/li>\n<li>Tek Fazl\u0131 ve \u00dc\u00e7 Fazl\u0131 \u00c7\u0131k\u0131\u015f Modlar\u0131<\/li>\n<li>Rejeneratif Sistemler Mevcuttur (AZX tabanl\u0131)<\/li>\n<li>Programlanabilir Frekans Ak\u0131m ve G\u00fc\u00e7 S\u0131n\u0131r\u0131 Korumas\u0131<\/li>\n<li>\u00a0Harmonikler, Titreme ve Ba\u011f\u0131\u015f\u0131kl\u0131k i\u00e7in EMC Test Yaz\u0131l\u0131m\u0131<\/li>\n<li>EUT uyumlulu\u011funu belgeleyen ayr\u0131nt\u0131l\u0131 test raporlar\u0131<\/li>\n<li>Geni\u015f G\u00fc\u00e7 Seviyesi Aral\u0131\u011f\u0131 Mevcuttur<\/li>\n<li>Titre\u015fim Testi i\u00e7in Toplu Titre\u015fim Empedans\u0131<\/li>\n<li>0-600 VAC L-N \/ 1000V L-L&#8217;ye kadar \u00c7\u0131k\u0131\u015f Gerilimi mevcuttur<\/li>\n<li>AFX&#8217;te \u00b1425Vdc&#8217;ye kadar \u00e7\u0131k\u0131\u015f ve AZX sistemlerinde \u00b1650Vdc&#8217;ye kadar \u00e7\u0131k\u0131\u015f<\/li>\n<li>15-1200 Hz (AFX) veya 15-1000Hz (AZX) Tam G\u00fc\u00e7 Bant Geni\u015fli\u011fi<\/li>\n<li>USB, LAN, GPIB ve RS232 Aray\u00fczleri<\/li>\n<li>IEC 61000-4-11 ve -4-34 i\u00e7in Transfer Anahtar\u0131 Se\u00e7ene\u011fi<\/li>\n<li>Dolap Boyutu Se\u00e7imi<\/li>\n<\/ul>\n<p>&nbsp;<\/p>\n<p>&nbsp;<\/p>\n<p><strong>ECTS2 Serisi EMC Uyumluluk Test Sistemi, EMC laboratuvarlar\u0131n\u0131n \u00fcr\u00fcnlerin a\u015fa\u011f\u0131daki IEC standartlar\u0131na tam uyumluluk testlerini ger\u00e7ekle\u015ftirmesine olanak tan\u0131r. Test yaz\u0131l\u0131m opsiyonlar\u0131 a\u015fa\u011f\u0131daki gibidir:<\/strong><\/p>\n<p>&nbsp;<\/p>\n<p>Emisyonlar:<\/p>\n<ul>\n<li>IEC 61000-3-2 Harmonikler ve Ara Harmonikler &#8211; 16A\/faz<\/li>\n<li>IEC 61000-3-12 Harmonikler ve Ara Harmonikler &#8211; 75A\/faz<\/li>\n<li>IEC 61000-3-3 16A\/faza kadar titre\u015fim<\/li>\n<li>IEC 61000-3-11 75A\/faz&#8217;a kadar titre\u015fim<\/li>\n<\/ul>\n<p>&nbsp;<\/p>\n<p>Ba\u011f\u0131\u015f\u0131kl\u0131k:<\/p>\n<ul>\n<li>IEC 61000-4-11 16A\/faza kadar AC Gerilim D\u00fc\u015f\u00fc\u015fleri, Kesintileri ve De\u011fi\u015fiklikleri<\/li>\n<li>IEC 61000-4-13 Ara Harmonikler aras\u0131 Test<\/li>\n<li>IEC 61000-4-14 AC Gerilim Dalgalanmalar\u0131<\/li>\n<li>IEC 61000-4-17 DC Dalgalanma<\/li>\n<li>IEC 61000-4-29 DC Gerilim D\u00fc\u015f\u00fc\u015fleri, Kesintileri ve De\u011fi\u015fimleri(\u00d6n uyumluluk)<\/li>\n<li>IEC 61000-4-34 75A\/faza kadar AC Gerilim D\u00fc\u015f\u00fc\u015fleri, Kesintileri ve De\u011fi\u015fimleri<\/li>\n<li>IEC 61000-4-27 AC Gerilim Dengesizli\u011fi \u00fc\u00e7 fazl\u0131<\/li>\n<li>IEC 61000-4-28 Frekans De\u011fi\u015fimleri<\/li>\n<\/ul>\n<p>&nbsp;<\/p>\n<h3><\/h3>\n<h3>Bro\u015f\u00fcr:<\/h3>\n<p><a href=\"https:\/\/pacificpower.com\/wp-content\/uploads\/2023\/11\/PPS_ECTS2_Datasheet-2.pdf\">ECTS2 Serisi Bro\u015f\u00fcr<\/a><\/p>\n","protected":false},"excerpt":{"rendered":"<p>\u00a0IEC Harmonics ve Flipper Test Sistemleri &#8211; EMC Test Sistemi &nbsp; EMC Uyumluluk Test Sistemleri, tek ve \u00fc\u00e7 fazl\u0131 IEC 61000-3-XX AC &#8211; G\u00fc\u00e7 Hatt\u0131 Harmonikleri ve Titre\u015fimin yan\u0131 s\u0131ra IEC 61000-4-XX&#8217;yi desteklemek i\u00e7in geli\u015fmi\u015f bir Harmonik ve Titre\u015fim \u00f6l\u00e7\u00fcm sistemi ve yeni tasarlanm\u0131\u015f titre\u015fim&#8230;<\/p>\n","protected":false},"featured_media":1701,"template":"","meta":[],"product_brand":[],"product_cat":[145],"product_tag":[154,147,148,153,152,151,158,157,156,155,146,149,150],"class_list":{"0":"post-1670","1":"product","2":"type-product","3":"status-publish","4":"has-post-thumbnail","6":"product_cat-guc-kaynagi","7":"product_tag-abd0100-1-8","8":"product_tag-ac","9":"product_tag-ac-ve-dc-guc-kaynagi","10":"product_tag-airbus","11":"product_tag-boeing","12":"product_tag-dc","13":"product_tag-iec-61000-4","14":"product_tag-mil-std-1399-300b","15":"product_tag-mil-std704","16":"product_tag-pacific-power","17":"product_tag-programlanabilir-guc-kaynagi","18":"product_tag-tek-faz","19":"product_tag-uc-faz","21":"first","22":"instock","23":"shipping-taxable","24":"product-type-simple"},"_links":{"self":[{"href":"https:\/\/www.orkoltd.com.tr\/ew\/wp-json\/wp\/v2\/product\/1670","targetHints":{"allow":["GET"]}}],"collection":[{"href":"https:\/\/www.orkoltd.com.tr\/ew\/wp-json\/wp\/v2\/product"}],"about":[{"href":"https:\/\/www.orkoltd.com.tr\/ew\/wp-json\/wp\/v2\/types\/product"}],"wp:featuredmedia":[{"embeddable":true,"href":"https:\/\/www.orkoltd.com.tr\/ew\/wp-json\/wp\/v2\/media\/1701"}],"wp:attachment":[{"href":"https:\/\/www.orkoltd.com.tr\/ew\/wp-json\/wp\/v2\/media?parent=1670"}],"wp:term":[{"taxonomy":"product_brand","embeddable":true,"href":"https:\/\/www.orkoltd.com.tr\/ew\/wp-json\/wp\/v2\/product_brand?post=1670"},{"taxonomy":"product_cat","embeddable":true,"href":"https:\/\/www.orkoltd.com.tr\/ew\/wp-json\/wp\/v2\/product_cat?post=1670"},{"taxonomy":"product_tag","embeddable":true,"href":"https:\/\/www.orkoltd.com.tr\/ew\/wp-json\/wp\/v2\/product_tag?post=1670"}],"curies":[{"name":"wp","href":"https:\/\/api.w.org\/{rel}","templated":true}]}}