{"id":1672,"date":"2024-04-18T15:55:04","date_gmt":"2024-04-18T12:55:04","guid":{"rendered":"https:\/\/www.orkoltd.com.tr\/ew\/?post_type=product&#038;p=1672"},"modified":"2024-04-22T18:18:03","modified_gmt":"2024-04-22T15:18:03","slug":"pacific-power-source-adf-serisi","status":"publish","type":"product","link":"https:\/\/www.orkoltd.com.tr\/ew\/urun\/pacific-power-source-adf-serisi\/","title":{"rendered":"PACIFIC POWER SOURCE &#8211; ADF SER\u0130S\u0130"},"content":{"rendered":"<h3><strong>Y\u00fcksek G\u00fc\u00e7l\u00fc AC Kayna\u011f\u0131 (15kVA &#8211; 150kVA)<\/strong><\/h3>\n<p>&nbsp;<\/p>\n<p><strong>ADF<\/strong> Serisi, y\u00fcksek g\u00fc\u00e7l\u00fc, tek fazl\u0131 veya \u00fc\u00e7 fazl\u0131 AC G\u00fc\u00e7 Kaynaklar\u0131ndan olu\u015fan bir ailedir. Mevcut modeller 15kVA ile 150 kVA aras\u0131nda de\u011fi\u015fmektedir. Kullan\u0131m kolayl\u0131\u011f\u0131 i\u00e7in modern bir kullan\u0131c\u0131 aray\u00fcz\u00fc kullanan ADF Serisi, uygun maliyetlidir ve temel frekans d\u00f6n\u00fc\u015ft\u00fcrme ve g\u00fc\u00e7 testi uygulamalar\u0131 i\u00e7in tamamen programlanabilir.<\/p>\n<p>&nbsp;<\/p>\n<p>ADF Serisi, 45 ile 500 Hz frekans aral\u0131\u011f\u0131nda m\u00fckemmel kararl\u0131 AC voltaj\u0131 kayna\u011f\u0131d\u0131r. \u00c7\u0131k\u0131\u015f frekans\u0131 %0,01&#8217;e kadar do\u011frudur. 400 Hz havac\u0131l\u0131k testleri, 15 Hz rayl\u0131 ta\u015f\u0131ma uygulamalar\u0131 veya 800 Hz aviyonik uygulamalar\u0131 i\u00e7in kullan\u0131labilir. Mevcut F Se\u00e7ene\u011fi, frekans aral\u0131\u011f\u0131n\u0131 15 ~ 1200 Hz&#8217;e kadar geni\u015fletir.<\/p>\n<p>ADF, AC kayna\u011f\u0131n\u0131n \u00e7\u0131k\u0131\u015f\u0131ndaki herhangi bir DC kaymas\u0131n\u0131 en aza indirmek i\u00e7in patentli teknoloji kullan\u0131l\u0131r. Bu, transformat\u00f6r ba\u011fl\u0131 EUT giri\u015f a\u015famalar\u0131nda AC giri\u015f transformat\u00f6rlerinin doyma riskini azalt\u0131r.<\/p>\n<p>&nbsp;<\/p>\n<p>&nbsp;<\/p>\n<p><strong>\u00d6ne \u00c7\u0131kan \u00d6zellikleri:<\/strong><\/p>\n<ul>\n<li>Tek Fazl\u0131 veya \u00dc\u00e7 Fazl\u0131 Modeller<\/li>\n<li>\u00a0AC \u00c7\u0131k\u0131\u015f Yetene\u011fi<\/li>\n<li>\u00a0DC \u00c7\u0131k\u0131\u015f Modu Se\u00e7ene\u011fi<\/li>\n<li>Sabit G\u00fc\u00e7 Modu Gerilim Aral\u0131\u011f\u0131 300Vac L-N \/ 520Vac LL. (Opsiyonel 333Vac L-N \/ 576Vac L-L, V opsiyonu)<\/li>\n<li>Daha Y\u00fcksek Gerilim Aral\u0131klar\u0131 i\u00e7in Opsiyonel \u00c7\u0131k\u0131\u015f Transformat\u00f6rleri<\/li>\n<li>Y\u00fcksek ve al\u00e7ak gerilim aral\u0131klar\u0131 aras\u0131nda ge\u00e7i\u015f yapmaya gerek yok<\/li>\n<li>\u00a0Frekans aral\u0131\u011f\u0131 45-500Hz (\u0130ste\u011fe ba\u011fl\u0131 15-1200Hz F opsiyonu)<\/li>\n<li>Ani Ak\u0131ml\u0131 Aktif \u00dc\u00e7 Fazl\u0131 PFC giri\u015fi Ak\u0131m S\u0131n\u0131rlama<\/li>\n<li>Hassas \u00c7\u0131k\u0131\u015f Gerilimi ve Y\u00fck\u00fc D\u00fczenleme<\/li>\n<li>T\u00fcm Fazlarda Volt, RMS Ak\u0131m\u0131, Tepe Ak\u0131m\u0131, G\u00f6r\u00fcnen G\u00fc\u00e7 ve Ger\u00e7ek G\u00fcc\u00fcn \u00d6l\u00e7\u00fcm\u00fc<\/li>\n<li>Benzersiz Uyku Modlar\u0131 Enerji Tasarrufu Sa\u011flar, Gereksiz Is\u0131 \u00dcretimini Azalt\u0131r ve G\u00fc\u00e7 Kayna\u011f\u0131n\u0131n \u00d6mr\u00fcn\u00fc Uzat\u0131r<\/li>\n<li>Standart USB, LAN ve RS232, GPIB Aray\u00fczleri<\/li>\n<li>Kompakt boyut, 4U Raf alan\u0131nda 15kVA<\/li>\n<li>Hafif, \u015fasi ba\u015f\u0131na yaln\u0131zca 51Kg<\/li>\n<li>Daha y\u00fcksek g\u00fc\u00e7 gereksinimleri i\u00e7in mod\u00fcler Paralel Master\/Slave Sistemleri<\/li>\n<li>Enerji Tasarruflu Bekleme Modu<\/li>\n<\/ul>\n<p>&nbsp;<\/p>\n<p>&nbsp;<\/p>\n<p><strong>Di\u011fer:<\/strong><\/p>\n<ul>\n<li>AC \u00c7\u0131k\u0131\u015f (D Opsiyonu ile DC modu mevcuttur)<\/li>\n<li>Tam g\u00fc\u00e7te 45 ile 500 Hz frekans aral\u0131\u011f\u0131 (F opsiyonu ile 15 &#8211; 1200 Hz)<\/li>\n<li>Tek veya \u00fc\u00e7 faz \u00e7\u0131k\u0131\u015fl\u0131 modeller<\/li>\n<li>Tek, sabit g\u00fc\u00e7 modu 300V L-N \/ 519V L-L voltaj aral\u0131\u011f\u0131<\/li>\n<li>S\u00fcrekli kendini kalibre etme \u00f6zelli\u011fi (CSC)<\/li>\n<li>Hasas Voltaj Programlama (%0.02 CSC ile)<\/li>\n<li>90kVA&#8217;ya kadar standard modeller<\/li>\n<\/ul>\n<p>&nbsp;<\/p>\n<h3>Bro\u015f\u00fcr:<\/h3>\n<p><a href=\"https:\/\/pacificpower.com\/wp-content\/uploads\/2023\/11\/ADF_Series_Datasheet.pdf\">ADF Serisi Bro\u015f\u00fcr<\/a><\/p>\n","protected":false},"excerpt":{"rendered":"<p>Y\u00fcksek G\u00fc\u00e7l\u00fc AC Kayna\u011f\u0131 (15kVA &#8211; 150kVA) &nbsp; ADF Serisi, y\u00fcksek g\u00fc\u00e7l\u00fc, tek fazl\u0131 veya \u00fc\u00e7 fazl\u0131 AC G\u00fc\u00e7 Kaynaklar\u0131ndan olu\u015fan bir ailedir. Mevcut modeller 15kVA ile 150 kVA aras\u0131nda de\u011fi\u015fmektedir. Kullan\u0131m kolayl\u0131\u011f\u0131 i\u00e7in modern bir kullan\u0131c\u0131 aray\u00fcz\u00fc kullanan ADF Serisi, uygun maliyetlidir ve temel&#8230;<\/p>\n","protected":false},"featured_media":1673,"template":"","meta":[],"product_brand":[],"product_cat":[145],"product_tag":[147,148,159,152,151,155,146,149,150],"class_list":{"0":"post-1672","1":"product","2":"type-product","3":"status-publish","4":"has-post-thumbnail","6":"product_cat-guc-kaynagi","7":"product_tag-ac","8":"product_tag-ac-ve-dc-guc-kaynagi","9":"product_tag-adf","10":"product_tag-boeing","11":"product_tag-dc","12":"product_tag-pacific-power","13":"product_tag-programlanabilir-guc-kaynagi","14":"product_tag-tek-faz","15":"product_tag-uc-faz","17":"first","18":"instock","19":"shipping-taxable","20":"product-type-simple"},"_links":{"self":[{"href":"https:\/\/www.orkoltd.com.tr\/ew\/wp-json\/wp\/v2\/product\/1672","targetHints":{"allow":["GET"]}}],"collection":[{"href":"https:\/\/www.orkoltd.com.tr\/ew\/wp-json\/wp\/v2\/product"}],"about":[{"href":"https:\/\/www.orkoltd.com.tr\/ew\/wp-json\/wp\/v2\/types\/product"}],"wp:featuredmedia":[{"embeddable":true,"href":"https:\/\/www.orkoltd.com.tr\/ew\/wp-json\/wp\/v2\/media\/1673"}],"wp:attachment":[{"href":"https:\/\/www.orkoltd.com.tr\/ew\/wp-json\/wp\/v2\/media?parent=1672"}],"wp:term":[{"taxonomy":"product_brand","embeddable":true,"href":"https:\/\/www.orkoltd.com.tr\/ew\/wp-json\/wp\/v2\/product_brand?post=1672"},{"taxonomy":"product_cat","embeddable":true,"href":"https:\/\/www.orkoltd.com.tr\/ew\/wp-json\/wp\/v2\/product_cat?post=1672"},{"taxonomy":"product_tag","embeddable":true,"href":"https:\/\/www.orkoltd.com.tr\/ew\/wp-json\/wp\/v2\/product_tag?post=1672"}],"curies":[{"name":"wp","href":"https:\/\/api.w.org\/{rel}","templated":true}]}}