{"id":1678,"date":"2024-04-18T17:17:10","date_gmt":"2024-04-18T14:17:10","guid":{"rendered":"https:\/\/www.orkoltd.com.tr\/ew\/?post_type=product&#038;p=1678"},"modified":"2024-04-22T15:11:21","modified_gmt":"2024-04-22T12:11:21","slug":"pacific-power-source-lmx-serisi","status":"publish","type":"product","link":"https:\/\/www.orkoltd.com.tr\/ew\/urun\/pacific-power-source-lmx-serisi\/","title":{"rendered":"PACIFIC POWER SOURCE &#8211; LMX SER\u0130S\u0130"},"content":{"rendered":"<h3><strong>Y\u00fcksek Performansl\u0131 Do\u011frusal AC G\u00fc\u00e7 Kayna\u011f\u0131<\/strong><\/h3>\n<p>&nbsp;<\/p>\n<p>&nbsp;<\/p>\n<p><strong>LMX<\/strong> Serisi, tamamen yeni bir Y\u00fcksek Performansl\u0131 1 fazl\u0131 ve 3 fazl\u0131 Do\u011frusal AC G\u00fc\u00e7 Kaynaklar\u0131 koleksiyonunu kapsar. T\u00fcm standart modeller 15 ila 5000 Hz aras\u0131nda \u00e7al\u0131\u015f\u0131r, g\u00fc\u00e7 aral\u0131\u011f\u0131 500VA ila 30kVA aras\u0131ndad\u0131r ve 600Vrms L-N&#8217;ye kadar nominal \u00e7\u0131k\u0131\u015f voltaj\u0131 aral\u0131klar\u0131 sa\u011flar.<\/p>\n<p>LMX Serisi g\u00fc\u00e7 kaynaklar\u0131ndaki do\u011frusal amplifikat\u00f6rler, en zorlu AC Test G\u00fcc\u00fc uygulamalar\u0131n\u0131n gerektirdi\u011fi y\u00fcksek tepe fakt\u00f6rl\u00fc, d\u00fc\u015f\u00fck distorsiyonlu, y\u00fcksek do\u011fruluklu \u00e7\u0131k\u0131\u015f dalga formlar\u0131n\u0131 \u00fcretme yetenekleri a\u00e7\u0131s\u0131ndan e\u015fsizdir. Hem tek hem de \u00fc\u00e7 fazl\u0131 modeller sunan \u00fcniteler, giri\u015f hatt\u0131, \u00e7\u0131k\u0131\u015f voltaj\u0131, g\u00fc\u00e7 fakt\u00f6r\u00fc ve s\u0131cakl\u0131\u011f\u0131n en zorlu kombinasyonunu temel alan \u00e7\u0131k\u0131\u015f g\u00fcc\u00fc de\u011ferleri ile muhafazakar bir \u015fekilde tasarlanm\u0131\u015ft\u0131r.<\/p>\n<p>&nbsp;<\/p>\n<p>&nbsp;<\/p>\n<p><strong>\u00d6ne \u00c7\u0131kan \u00d6zellikleri<\/strong><\/p>\n<ul>\n<li>USB, LAN (LXI), IEEE-488.2 ve SCPI uyumlulu RS-232C<\/li>\n<li>PPSC Studio grafik kullan\u0131c\u0131 aray\u00fcz\u00fcyle uyumlu<\/li>\n<li>LabVIEW Windows\u00ae\/LabWindows\u00ae s\u00fcr\u00fcc\u00fcleri<\/li>\n<li>Harmonik Sentezleme ile Dalga Formu Olu\u015fturma<\/li>\n<li>Dalga Formu Yakalama (Gerilim ve Ak\u0131m)<\/li>\n<li>Harmonik Analizi (Gerilim ve Ak\u0131m)<\/li>\n<li>RMS ve Tepe De\u011ferlerinin \u00d6l\u00e7\u00fcm\u00fc<\/li>\n<li>S\u00fcrekli Otomatik Kalibrasyon (CSC)<\/li>\n<li>Hat Senkronizasyonu<\/li>\n<li>6:1 Tepe Ak\u0131m\u0131 Yetene\u011fi<\/li>\n<li>EN61000-3-2 ve EN61000-3-3 Testi i\u00e7in D\u00fc\u015f\u00fck Empedans<\/li>\n<li>Programlanabilir \u00c7\u0131k\u0131\u015f Empedans\u0131 (R+L) hem Ger\u00e7ek Zamanl\u0131 hem de RMS modlar\u0131<\/li>\n<li>0-300 VAC&#8217;ye kadar Do\u011frudan Ba\u011flant\u0131l\u0131 \u00c7\u0131k\u0131\u015f<\/li>\n<li>1 Faz \/ 3 Faz Anahtar\u0131 Se\u00e7ilebilir<\/li>\n<li>15-5000 Hz Tam G\u00fc\u00e7 Bant Geni\u015fli\u011fi<\/li>\n<li>500 VA&#8217;dan 6 kVA&#8217;ya kadar G\u00fc\u00e7 Seviyeleri standart; 30kVA iste\u011fe ba\u011fl\u0131<\/li>\n<li>D\u0131\u015far\u0131dan Referansl\u0131 Saya\u00e7 Kalibrasyonu<\/li>\n<li>CE G\u00fcvenlik ve EMC ve NTRL G\u00fcvenlik \u0130\u015fareti<\/li>\n<\/ul>\n<p>&nbsp;<\/p>\n<p><strong>LMX Serisi \u00c7al\u0131\u015fma \u00d6zellikleri<\/strong><\/p>\n<ul>\n<li>200 farkl\u0131 Dalga Formu K\u00fct\u00fcphanesi<\/li>\n<li>Zamana Dayal\u0131 Ge\u00e7ici Olaylar (voltaj ve frekans)<\/li>\n<li>D\u00f6ng\u00fc Tabanl\u0131 Ge\u00e7ici Olaylar (1 ile 100 d\u00f6ng\u00fc)<\/li>\n<li>Programlanabilir Dinamik \u00c7\u0131k\u0131\u015f Empedans\u0131<\/li>\n<li>S\u00fcrekli Otomatik Kalibrasyon (CSC)<\/li>\n<li>Dalga Bi\u00e7imi D\u00fczenleme<\/li>\n<li>Dalga Formu Analizi<\/li>\n<li>Dalga Formu Sentezi<\/li>\n<\/ul>\n<p>&nbsp;<\/p>\n<p>&nbsp;<\/p>\n<h3>Bro\u015f\u00fcr:<\/h3>\n<p><a href=\"https:\/\/pacificpower.com\/wp-content\/uploads\/2023\/12\/LMX_Series_Datasheet.pdf\">LMX Serisi Bro\u015f\u00fcr<\/a><\/p>\n","protected":false},"excerpt":{"rendered":"<p>Y\u00fcksek Performansl\u0131 Do\u011frusal AC G\u00fc\u00e7 Kayna\u011f\u0131 &nbsp; &nbsp; LMX Serisi, tamamen yeni bir Y\u00fcksek Performansl\u0131 1 fazl\u0131 ve 3 fazl\u0131 Do\u011frusal AC G\u00fc\u00e7 Kaynaklar\u0131 koleksiyonunu kapsar. T\u00fcm standart modeller 15 ila 5000 Hz aras\u0131nda \u00e7al\u0131\u015f\u0131r, g\u00fc\u00e7 aral\u0131\u011f\u0131 500VA ila 30kVA aras\u0131ndad\u0131r ve 600Vrms L-N&#8217;ye kadar&#8230;<\/p>\n","protected":false},"featured_media":1679,"template":"","meta":[],"product_brand":[],"product_cat":[145],"product_tag":[147,181,180,155,146,149,150],"class_list":{"0":"post-1678","1":"product","2":"type-product","3":"status-publish","4":"has-post-thumbnail","6":"product_cat-guc-kaynagi","7":"product_tag-ac","8":"product_tag-ac-guc-kaynagi","9":"product_tag-lmx","10":"product_tag-pacific-power","11":"product_tag-programlanabilir-guc-kaynagi","12":"product_tag-tek-faz","13":"product_tag-uc-faz","15":"first","16":"instock","17":"shipping-taxable","18":"product-type-simple"},"_links":{"self":[{"href":"https:\/\/www.orkoltd.com.tr\/ew\/wp-json\/wp\/v2\/product\/1678","targetHints":{"allow":["GET"]}}],"collection":[{"href":"https:\/\/www.orkoltd.com.tr\/ew\/wp-json\/wp\/v2\/product"}],"about":[{"href":"https:\/\/www.orkoltd.com.tr\/ew\/wp-json\/wp\/v2\/types\/product"}],"wp:featuredmedia":[{"embeddable":true,"href":"https:\/\/www.orkoltd.com.tr\/ew\/wp-json\/wp\/v2\/media\/1679"}],"wp:attachment":[{"href":"https:\/\/www.orkoltd.com.tr\/ew\/wp-json\/wp\/v2\/media?parent=1678"}],"wp:term":[{"taxonomy":"product_brand","embeddable":true,"href":"https:\/\/www.orkoltd.com.tr\/ew\/wp-json\/wp\/v2\/product_brand?post=1678"},{"taxonomy":"product_cat","embeddable":true,"href":"https:\/\/www.orkoltd.com.tr\/ew\/wp-json\/wp\/v2\/product_cat?post=1678"},{"taxonomy":"product_tag","embeddable":true,"href":"https:\/\/www.orkoltd.com.tr\/ew\/wp-json\/wp\/v2\/product_tag?post=1678"}],"curies":[{"name":"wp","href":"https:\/\/api.w.org\/{rel}","templated":true}]}}