{"id":1684,"date":"2024-04-19T12:21:57","date_gmt":"2024-04-19T09:21:57","guid":{"rendered":"https:\/\/www.orkoltd.com.tr\/ew\/?post_type=product&#038;p=1684"},"modified":"2024-04-22T16:56:32","modified_gmt":"2024-04-22T13:56:32","slug":"pacific-power-source-afx-serisi","status":"publish","type":"product","link":"https:\/\/www.orkoltd.com.tr\/ew\/urun\/pacific-power-source-afx-serisi\/","title":{"rendered":"PACIFIC POWER SOURCE &#8211; AFX SER\u0130S\u0130"},"content":{"rendered":"<h3><strong>%85&#8217;in \u00dczerinde Enerji Verimli Y\u00fcksek Performans, Programlanabilir AC ve DC G\u00fc\u00e7 Kaynaklar\u0131<\/strong><\/h3>\n<p>&nbsp;<\/p>\n<p><strong>AFX Serisi<\/strong>, y\u00fcksek g\u00fc\u00e7l\u00fc, bir, b\u00f6l\u00fcnm\u00fc\u015f ve \u00fc\u00e7 fazl\u0131, AC, DC ve AC+DC \u00e7\u0131k\u0131\u015f kapasiteli G\u00fc\u00e7 Kaynaklar\u0131ndan olu\u015fan bir ailedir. Mevcut modeller 6 kVA&#8217;dan 90 kVA&#8217;ya kadar de\u011fi\u015fir ve iste\u011fe ba\u011fl\u0131 180kVA&#8217;ya kadar olabilir.<\/p>\n<p>&nbsp;<\/p>\n<p>Kullan\u0131m kolayl\u0131\u011f\u0131 i\u00e7in modern bir kullan\u0131c\u0131 aray\u00fcz\u00fc kullanan AFX Serisi, hem temel frekans d\u00f6n\u00fc\u015f\u00fcm\u00fc hem de geli\u015fmi\u015f AC g\u00fc\u00e7 hatt\u0131 veya DC g\u00fc\u00e7 kesintisi test uygulamalar\u0131 i\u00e7in uygun maliyetlidir ve tamamen programlanabilir.<\/p>\n<p>&nbsp;<\/p>\n<p>Kontrol ve operasyonel \u00f6zellikler, test m\u00fchendisi i\u00e7in y\u00fcksek derecede uygulama \u00e7ok y\u00f6nl\u00fcl\u00fc\u011f\u00fc ve kullan\u0131m kolayl\u0131\u011f\u0131 sa\u011flar. Uygulamalar basit, manuel olarak kontrol edilen frekans d\u00f6n\u00fc\u015f\u00fcm\u00fcnden harmonik ba\u011f\u0131\u015f\u0131kl\u0131k testine ve karma\u015f\u0131k ge\u00e7ici sim\u00fclasyona kadar uzan\u0131r.<\/p>\n<p>&nbsp;<\/p>\n<p>AFX Serisindeki g\u00fc\u00e7 d\u00f6n\u00fc\u015f\u00fcm\u00fc, dijital olarak kontrol edilen, y\u00fcksek frekansl\u0131 darbe geni\u015fli\u011fi mod\u00fclasyonuyla elde edilir ve bu sayede sessiz ve verimli \u00e7al\u0131\u015fma sa\u011flan\u0131r. Baz\u0131 AFX modelleri, POWER FLEX y\u00fckseltme program\u0131m\u0131z kullan\u0131larak daha y\u00fcksek g\u00fc\u00e7 \u00e7\u0131k\u0131\u015f\u0131 sa\u011flayacak \u015fekilde m\u00fc\u015fteri hizmetleri taraf\u0131ndan y\u00fckseltilebilir.<\/p>\n<p>&nbsp;<\/p>\n<p>&nbsp;<\/p>\n<p><strong>\u00d6ne \u00c7\u0131kan \u00d6zellikleri<\/strong><\/p>\n<ul>\n<li>AC veya DC Test G\u00fc\u00e7 Uygulamas\u0131<\/li>\n<li>AC+DC Test G\u00fc\u00e7 Uygulamas\u0131<\/li>\n<li>Frekans\/Gerilim D\u00f6n\u00fc\u015f\u00fcm\u00fc<\/li>\n<li>Faz D\u00f6n\u00fc\u015f\u00fcm\u00fc<\/li>\n<li>S\u00fcrekli Otomatik Kalibrasyon<\/li>\n<li>Zamana Dayal\u0131 Ge\u00e7ici Olaylar<\/li>\n<li>Dalga Formu K\u00fct\u00fcphanesi<\/li>\n<li>D\u00f6ng\u00fc Tabanl\u0131 Ge\u00e7ici Olaylar<\/li>\n<li>Sabit G\u00fc\u00e7 \u00c7al\u0131\u015fmas\u0131yla Tek Gerilim Aral\u0131\u011f\u0131<\/li>\n<\/ul>\n<p>&nbsp;<\/p>\n<p>&nbsp;<\/p>\n<p><strong>Yaz\u0131l\u0131m Opsiyonlar\u0131<\/strong><\/p>\n<p><strong>Aviyonik:<\/strong><\/p>\n<ul>\n<li>ABD0100.1.8 &#8211; Airbus A380, AC &amp; DC G\u00fc\u00e7 Grubu<\/li>\n<li>ABD0100.1.8.1 &#8211; Airbus A350, AC &amp; DC G\u00fc\u00e7 Grubu<\/li>\n<li>AMD24C &#8211; Airbus A400M, AC &amp; DC G\u00fc\u00e7 Grubu<\/li>\n<li>Boeing 787B3-0147 &#8211; B787, AC &amp; DC G\u00fc\u00e7 Grubu<\/li>\n<li>MIL-STD704 &#8211; US DoD, AC &amp; DC G\u00fc\u00e7 Grubu<\/li>\n<li>RTCA-DO160 Section 16, AC &amp; DC G\u00fc\u00e7 Grubu<\/li>\n<\/ul>\n<p>&nbsp;<\/p>\n<p>&nbsp;<\/p>\n<p><strong>Di\u011fer:<\/strong><\/p>\n<ul>\n<li>IEC Test Paketi &#8211;\u00a0IEC 61000-4-11p,\u00a0IEC 61000-4-14,\u00a0IEC 61000-4-27p,\u00a0IEC 61000-4-28,\u00a0IEC 61000-4-29p,\u00a0IEC 61000-4-34<\/li>\n<li>MIL-STD 1399-300B &#8211;\u00a0US DoD,\u00a0Gemi G\u00fcc\u00fc,\u00a0AC G\u00fc\u00e7 Gruplar\u0131<\/li>\n<\/ul>\n<p>&nbsp;<\/p>\n<h3>Bro\u015f\u00fcr:<\/h3>\n<p><a href=\"https:\/\/pacificpower.com\/wp-content\/uploads\/2023\/11\/AFX-A_Series_Datasheet.pdf\">AFX Serisi Bro\u015f\u00fcr<\/a><\/p>\n","protected":false},"excerpt":{"rendered":"<p>%85&#8217;in \u00dczerinde Enerji Verimli Y\u00fcksek Performans, Programlanabilir AC ve DC G\u00fc\u00e7 Kaynaklar\u0131 &nbsp; AFX Serisi, y\u00fcksek g\u00fc\u00e7l\u00fc, bir, b\u00f6l\u00fcnm\u00fc\u015f ve \u00fc\u00e7 fazl\u0131, AC, DC ve AC+DC \u00e7\u0131k\u0131\u015f kapasiteli G\u00fc\u00e7 Kaynaklar\u0131ndan olu\u015fan bir ailedir. Mevcut modeller 6 kVA&#8217;dan 90 kVA&#8217;ya kadar de\u011fi\u015fir ve iste\u011fe ba\u011fl\u0131 180kVA&#8217;ya&#8230;<\/p>\n","protected":false},"featured_media":1671,"template":"","meta":[],"product_brand":[],"product_cat":[145],"product_tag":[154,147,148,153,152,151,158,157,156,155,146,149,150],"class_list":{"0":"post-1684","1":"product","2":"type-product","3":"status-publish","4":"has-post-thumbnail","6":"product_cat-guc-kaynagi","7":"product_tag-abd0100-1-8","8":"product_tag-ac","9":"product_tag-ac-ve-dc-guc-kaynagi","10":"product_tag-airbus","11":"product_tag-boeing","12":"product_tag-dc","13":"product_tag-iec-61000-4","14":"product_tag-mil-std-1399-300b","15":"product_tag-mil-std704","16":"product_tag-pacific-power","17":"product_tag-programlanabilir-guc-kaynagi","18":"product_tag-tek-faz","19":"product_tag-uc-faz","21":"first","22":"instock","23":"shipping-taxable","24":"product-type-simple"},"_links":{"self":[{"href":"https:\/\/www.orkoltd.com.tr\/ew\/wp-json\/wp\/v2\/product\/1684","targetHints":{"allow":["GET"]}}],"collection":[{"href":"https:\/\/www.orkoltd.com.tr\/ew\/wp-json\/wp\/v2\/product"}],"about":[{"href":"https:\/\/www.orkoltd.com.tr\/ew\/wp-json\/wp\/v2\/types\/product"}],"wp:featuredmedia":[{"embeddable":true,"href":"https:\/\/www.orkoltd.com.tr\/ew\/wp-json\/wp\/v2\/media\/1671"}],"wp:attachment":[{"href":"https:\/\/www.orkoltd.com.tr\/ew\/wp-json\/wp\/v2\/media?parent=1684"}],"wp:term":[{"taxonomy":"product_brand","embeddable":true,"href":"https:\/\/www.orkoltd.com.tr\/ew\/wp-json\/wp\/v2\/product_brand?post=1684"},{"taxonomy":"product_cat","embeddable":true,"href":"https:\/\/www.orkoltd.com.tr\/ew\/wp-json\/wp\/v2\/product_cat?post=1684"},{"taxonomy":"product_tag","embeddable":true,"href":"https:\/\/www.orkoltd.com.tr\/ew\/wp-json\/wp\/v2\/product_tag?post=1684"}],"curies":[{"name":"wp","href":"https:\/\/api.w.org\/{rel}","templated":true}]}}