{"id":1685,"date":"2024-04-19T12:34:48","date_gmt":"2024-04-19T09:34:48","guid":{"rendered":"https:\/\/www.orkoltd.com.tr\/ew\/?post_type=product&#038;p=1685"},"modified":"2024-04-24T18:02:51","modified_gmt":"2024-04-24T15:02:51","slug":"pacific-power-source-azx-serisi","status":"publish","type":"product","link":"https:\/\/www.orkoltd.com.tr\/ew\/urun\/pacific-power-source-azx-serisi\/","title":{"rendered":"PACIFIC POWER SOURCE &#8211; AZX SER\u0130S\u0130"},"content":{"rendered":"<h3><strong>Rejeneratif Y\u00fcksek G\u00fc\u00e7l\u00fc AC \/ DC G\u00fc\u00e7 Kayna\u011f\u0131<\/strong><\/h3>\n<p>&nbsp;<\/p>\n<p>&nbsp;<\/p>\n<p><strong>AZX<\/strong> Serisi, test edilen ekipman\u0131n g\u00fcc\u00fc kesildi\u011finde AC \u015febekesine tam enerji geri kazan\u0131m\u0131 sa\u011flayan, y\u00fcksek g\u00fc\u00e7l\u00fc, tek, b\u00f6l\u00fcnm\u00fc\u015f ve \u00fc\u00e7 fazl\u0131, AC, DC ve AC+DC \u00e7\u0131k\u0131\u015f \u00f6zellikli G\u00fc\u00e7 Kaynaklar\u0131ndan olu\u015fan bir ailedir. Mevcut modeller<strong> 30 kVA&#8217;dan 440 kVA&#8217;ya kadar<\/strong> de\u011fi\u015fir. Kullan\u0131m kolayl\u0131\u011f\u0131 i\u00e7in modern renkli dokunmatik ekran tabanl\u0131 kullan\u0131c\u0131 aray\u00fcz\u00fc kullanan AZX Serisi, hem temel frekans d\u00f6n\u00fc\u015f\u00fcm\u00fc hem de geli\u015fmi\u015f AC g\u00fc\u00e7 hatt\u0131 veya 1000 Hz&#8217;e kadar temel frekans gerektiren DC g\u00fc\u00e7 kesintisi testi uygulamalar\u0131 i\u00e7in uygun maliyetlidir ve tamamen programlanabilir.<\/p>\n<p>&nbsp;<\/p>\n<p>AZX ayr\u0131ca r\u00fczgar ve g\u00fcne\u015f enerjisi invert\u00f6rleri, enerji depolama sistemleri (ESS) ve elektrikli Ara\u00e7tan \u015eebekeye (V2G) ve Ara\u00e7tan Eve de\u015farj sistemleri gibi \u015febekeye ba\u011fl\u0131 \u00fcr\u00fcnlerin test edilmesini de destekler.<\/p>\n<p>&nbsp;<\/p>\n<p>&nbsp;<\/p>\n<p>&nbsp;<\/p>\n<p><strong>\u00d6ne \u00c7\u0131kan \u00d6zellikleri<\/strong><\/p>\n<ul>\n<li>AC \u015febekesine enerji geri kazan\u0131m\u0131 ile Tamamen Rejeneratif \u00c7al\u0131\u015fma<\/li>\n<li>Gerilim Kayna\u011f\u0131 ve Ak\u0131m Kayna\u011f\u0131 modlar\u0131 standart<\/li>\n<li>Rejeneratif AC veya DC Y\u00fck Uygulamalar\u0131n\u0131 desteklemek i\u00e7in Elektronik Y\u00fck (se\u00e7enek L) ekleyin<\/li>\n<li>Kaynak ve Negatif Tam G\u00fc\u00e7 ve Ak\u0131m<\/li>\n<li>AC Modu, DC Modu, AC+DC Modu<\/li>\n<li>DC, 1 &#8211; 15Hz, 15 &#8211; 1.000 Hz Frekans Aral\u0131\u011f\u0131<\/li>\n<li>\u00c7ift Sabit G\u00fc\u00e7 modu AC Gerilim Aral\u0131klar\u0131 0~225V L-N ve 0~440V L-N<\/li>\n<li>\u00c7ift Sabit G\u00fc\u00e7 modu DC Gerilim Aral\u0131klar\u0131 0~335V L-N ve 0~650V L-N<\/li>\n<li>Hem AC hem de DC Modlar\u0131nda tam g\u00fc\u00e7 mevcuttur<\/li>\n<li>Tesis AC Giri\u015finden \u00c7\u0131k\u0131\u015fa ve \u00c7\u0131k\u0131\u015f Fazlar\u0131\/Kanallar\u0131 Aras\u0131nda Galvanik \u0130zolasyon<\/li>\n<li>Volt, Amper, G\u00fc\u00e7, VA, G\u00fc\u00e7 Fakt\u00f6r\u00fc ve Tepe Fakt\u00f6r\u00fcn\u00fcn hassas True-RMS \u00f6l\u00e7\u00fcm\u00fc<\/li>\n<li>T\u00fcm fazlarda gerilim ve ak\u0131m i\u00e7in dalga bi\u00e7imi yakalama kapsam\u0131 i\u015flevi<\/li>\n<li>T\u00fcm fazlarda gerilim ve ak\u0131m i\u00e7in harmonik \u00f6l\u00e7\u00fcm\u00fc<\/li>\n<li>ATE ve sistem entegrasyonu i\u00e7in Kapsaml\u0131 Analog ve Dijital I\/O<\/li>\n<li>Se\u00e7enek H, PHIL uygulama deste\u011fi i\u00e7in h\u0131zl\u0131 yan\u0131t veren analog G\/\u00c7 kontrolleri ekler<\/li>\n<li>\u00d6n panelden veya veri yolu komutundan 1, 2 veya 3 Faz Se\u00e7ilebilir \u00c7\u0131k\u0131\u015f<\/li>\n<li>Sin\u00fcs, Kare, \u00dc\u00e7gen, THD ve Rasgele dalga formlar\u0131<\/li>\n<li>0-300 VAC&#8217;ye kadar Do\u011frudan Ba\u011flant\u0131l\u0131 \u00c7\u0131k\u0131\u015f<\/li>\n<li>Aktif PFC&#8217;li 3 Fazl\u0131 AC giri\u015fi, se\u00e7ilebilir giri\u015f voltaj\u0131<\/li>\n<li>Hem statik hem de dinamik Ge\u00e7ici Test i\u00e7in 200 kay\u0131tl\u0131 program<\/li>\n<li>L\u0130STE, PULSE ve ADIM Ge\u00e7ici Modlar\u0131<\/li>\n<li>S\u00fcrekli Otomatik Kalibrasyon (CSC)<\/li>\n<li>Programlanabilir \u00c7\u0131k\u0131\u015f Empedans\u0131 (R+L) hem Ger\u00e7ek Zamanl\u0131 hem de RMS modlar\u0131<\/li>\n<li>Hassas Gerilim Programlamas\u0131 \u2013 AC ve DC modlar\u0131nda CSC devredeyken %0,02<\/li>\n<li>30 kVA&#8217;dan 220 kVA&#8217;ya kadar G\u00fc\u00e7 Seviyelerinde Standart Modeller. Daha y\u00fcksek g\u00fc\u00e7 i\u00e7in bizimle ileti\u015fime ge\u00e7in.<\/li>\n<li>SCPI uyumlulu\u011fu ile standart RS-232, USB, GPIB ve Ethernet Aray\u00fcz\u00fc<\/li>\n<li>G\u00f6m\u00fcl\u00fc web sunucusuyla LXI Uyumlu LAN\/Ethernet<\/li>\n<li>IVI Instruments s\u00fcr\u00fcc\u00fcleri<\/li>\n<li>CE (EMC\/G\u00fcvenlik) \u0130\u015faretli<\/li>\n<li>Farkl\u0131 modlara ayarlanabilen \u00f6zel 2 veya 3 ba\u011f\u0131ms\u0131z \u00e7\u0131k\u0131\u015f (Gerilim veya Ak\u0131m Kayna\u011f\u0131 veya EY\u00fck)<\/li>\n<li>SmartSource Suite LXI Uyumlu LAN\/Ethernet, yerle\u015fik web sunucusuyla<\/li>\n<\/ul>\n<p>&nbsp;<\/p>\n<p><strong>Yaz\u0131l\u0131m Se\u00e7enekleri<\/strong><\/p>\n<ul>\n<li>PPSC Studio Kontrol Yaz\u0131l\u0131m\u0131<\/li>\n<li>PPSC Test Y\u00f6neticisi<\/li>\n<li>EptsGui Test Yaz\u0131l\u0131m\u0131- IEC61000-4-11, IEC61000-4-27, IEC61000-4-29,IEC61000-4-34<\/li>\n<li>Ects4xxGui Test Yaz\u0131l\u0131m\u0131- IEC61000-4-14, IEC61000-4-17,IEC61000-4-27p, IEC61000-4-28<\/li>\n<\/ul>\n<p>&nbsp;<\/p>\n<p>Aviyonikler (PPSC Test Y\u00f6neticisi gerektirir):<\/p>\n<ul>\n<li>ABD0100.1.8 &#8211; Airbus A380, AC &amp; DC G\u00fc\u00e7 Gruplar\u0131<\/li>\n<li>ABD0100.1.8.1 &#8211; Airbus A350, AC &amp; DC G\u00fc\u00e7 Gruplar\u0131<\/li>\n<li>AMD24C &#8211; Airbus A400M, AC ve DC G\u00fc\u00e7 Gruplar\u0131<\/li>\n<li>Boeing 787B3-0147 &#8211; B787, AC ve DC G\u00fc\u00e7 Gruplar\u0131<\/li>\n<li>MIL-STD704 &#8211; ABD Savunma Bakanl\u0131\u011f\u0131, AC ve DC G\u00fc\u00e7 Gruplar\u0131<\/li>\n<li>RTCA-DO160 B\u00f6l\u00fcm 16, AC ve DC G\u00fc\u00e7 Gruplar\u0131<\/li>\n<\/ul>\n<p>&nbsp;<\/p>\n<p>Di\u011fer:<\/p>\n<ul>\n<li>IEC Test Paketi &#8211; IEC61000-4-11p&#8217;yi i\u00e7erir,IEC61000-4-13, IEC61000-4-14, IEC61000-4-17, IEC61000-4-27p,IEC61000-4-28, IEC61000-4-29p ve IEC 61000-4-34p<\/li>\n<li>MIL-STD 1399-300B &#8211; ABD Savunma Bakanl\u0131\u011f\u0131, Gemi G\u00fcc\u00fc, AC G\u00fc\u00e7 Gruplar\u0131<\/li>\n<\/ul>\n<p>&nbsp;<\/p>\n<p>&nbsp;<\/p>\n<p>&nbsp;<\/p>\n<p><strong>ECTS2 Windows 10 EMC Test Yaz\u0131l\u0131m\u0131n\u0131n tam paketi a\u015fa\u011f\u0131dakilerle uyumludur:<\/strong><br \/>\n<strong>Emisyon Testleri:<\/strong><br \/>\nIEC 61000-3-2, IEC 61000-3-3, IEC 61000-3-11, IEC 61000-3-12<br \/>\n<strong>Ba\u011f\u0131\u015f\u0131kl\u0131k Testleri:<\/strong><br \/>\nIEC 61000-4-11, IEC 61000-4-14, IEC 61000-4-17, IEC 61000-4-27, IEC 61000-4-28, IEC61000-29, IEC 61000-4-34, Kore standard\u0131 KS_C_9610-4-11 ve KS_C_9610-4-29<\/p>\n<p>&nbsp;<\/p>\n<p>&nbsp;<\/p>\n<h3>Bro\u015f\u00fcr:<\/h3>\n<p><a href=\"https:\/\/pacificpower.com\/wp-content\/uploads\/2023\/11\/AZX_Series_Datasheet-1.pdf\">AZX Serisi Bro\u015f\u00fcr<\/a><\/p>\n","protected":false},"excerpt":{"rendered":"<p>Rejeneratif Y\u00fcksek G\u00fc\u00e7l\u00fc AC \/ DC G\u00fc\u00e7 Kayna\u011f\u0131 &nbsp; &nbsp; AZX Serisi, test edilen ekipman\u0131n g\u00fcc\u00fc kesildi\u011finde AC \u015febekesine tam enerji geri kazan\u0131m\u0131 sa\u011flayan, y\u00fcksek g\u00fc\u00e7l\u00fc, tek, b\u00f6l\u00fcnm\u00fc\u015f ve \u00fc\u00e7 fazl\u0131, AC, DC ve AC+DC \u00e7\u0131k\u0131\u015f \u00f6zellikli G\u00fc\u00e7 Kaynaklar\u0131ndan olu\u015fan bir ailedir. Mevcut modeller 30&#8230;<\/p>\n","protected":false},"featured_media":1710,"template":"","meta":[],"product_brand":[],"product_cat":[145],"product_tag":[147,148,153,176,151,177,178,166,179,155,146,149,150],"class_list":{"0":"post-1685","1":"product","2":"type-product","3":"status-publish","4":"has-post-thumbnail","6":"product_cat-guc-kaynagi","7":"product_tag-ac","8":"product_tag-ac-ve-dc-guc-kaynagi","9":"product_tag-airbus","10":"product_tag-azx","11":"product_tag-dc","12":"product_tag-iec-61000-3-2","13":"product_tag-iec-61000-3-3","14":"product_tag-iec-61000-4-11","15":"product_tag-ks_c_9610-4-11","16":"product_tag-pacific-power","17":"product_tag-programlanabilir-guc-kaynagi","18":"product_tag-tek-faz","19":"product_tag-uc-faz","21":"first","22":"instock","23":"shipping-taxable","24":"product-type-simple"},"_links":{"self":[{"href":"https:\/\/www.orkoltd.com.tr\/ew\/wp-json\/wp\/v2\/product\/1685","targetHints":{"allow":["GET"]}}],"collection":[{"href":"https:\/\/www.orkoltd.com.tr\/ew\/wp-json\/wp\/v2\/product"}],"about":[{"href":"https:\/\/www.orkoltd.com.tr\/ew\/wp-json\/wp\/v2\/types\/product"}],"wp:featuredmedia":[{"embeddable":true,"href":"https:\/\/www.orkoltd.com.tr\/ew\/wp-json\/wp\/v2\/media\/1710"}],"wp:attachment":[{"href":"https:\/\/www.orkoltd.com.tr\/ew\/wp-json\/wp\/v2\/media?parent=1685"}],"wp:term":[{"taxonomy":"product_brand","embeddable":true,"href":"https:\/\/www.orkoltd.com.tr\/ew\/wp-json\/wp\/v2\/product_brand?post=1685"},{"taxonomy":"product_cat","embeddable":true,"href":"https:\/\/www.orkoltd.com.tr\/ew\/wp-json\/wp\/v2\/product_cat?post=1685"},{"taxonomy":"product_tag","embeddable":true,"href":"https:\/\/www.orkoltd.com.tr\/ew\/wp-json\/wp\/v2\/product_tag?post=1685"}],"curies":[{"name":"wp","href":"https:\/\/api.w.org\/{rel}","templated":true}]}}