{"id":409,"date":"2018-11-08T11:15:04","date_gmt":"2018-11-08T08:15:04","guid":{"rendered":"https:\/\/www.orkoltd.com.tr\/ew\/?post_type=product&#038;p=409"},"modified":"2026-02-12T13:41:53","modified_gmt":"2026-02-12T10:41:53","slug":"aeroflex-ifr-4000-navigasyon-kominikasyon-ucus-hatti-test-seti","status":"publish","type":"product","link":"https:\/\/www.orkoltd.com.tr\/ew\/urun\/aeroflex-ifr-4000-navigasyon-kominikasyon-ucus-hatti-test-seti\/","title":{"rendered":"IFR 4000 NAV\u0130GASYON \/ HABERLE\u015eME U\u00c7U\u015e HATTI TEST SET\u0130"},"content":{"rendered":"<h3 style=\"text-align: center;\">IFR 4000 \u00fcretimden kalkm\u0131\u015f olup, onun yerine ve tam uyumlu <strong><a href=\"https:\/\/orkoltd.com.tr\/ew\/urun\/avx-10k-ucus-hatti-test-seti\/\">VIAVI AVX-10K<\/a> <\/strong>\u00f6nerilmektedir.<\/h3>\n<p>IFR 4000 ILS, VOR, Marker Beacon ve VHF\/UHF haberle\u015fme \u00f6zellikleri ile aviyonik sistemlerini test etmek i\u00e7in k\u00fc\u00e7\u00fclt\u00fclm\u00fc\u015f, hafif ve su ge\u00e7irmez bir \u00fcnitedir.<\/p>\n<p>IFR 4000 d\u00f6rt kilodan az a\u011f\u0131rl\u0131\u011f\u0131, 8 saatlik uzun pil \u00f6mr\u00fc ve ergonomik dizayn\u0131 ile kullan\u0131c\u0131ya bug\u00fcn marketteki en kolay ta\u015f\u0131nabilir, navigasyon ve haberle\u015fme apron test setini sunar.\u00a0Kokpit\/Apron ile tezgah \u00fczerindeki testler aras\u0131nda kolay ge\u00e7i\u015f sa\u011flar. Men\u00fc tabanl\u0131 fonksiyonlar\u0131 ve rehber e\u015fli\u011findeki test \u00f6zelli\u011fi bu cihaz\u0131n kullan\u0131m\u0131n\u0131 \u00e7ok kolayla\u015ft\u0131r\u0131r.\u00a0T\u00fcm bu faydalar\u0131na bir de uygun fiyat\u0131 eklenince kullan\u0131c\u0131ya tam \u00e7\u00f6z\u00fcm sunan bu cihaz ortaya \u00e7\u0131kar.<\/p>\n<p>(*) ELT opsiyonu mevcuttur.<\/p>\n<p>&nbsp;<\/p>\n<p><strong>\u00d6zellikleri<\/strong><\/p>\n<ul>\n<li>121.5 \/ 243 MHz acil durum verici frekans\u0131, \u00e7\u0131k\u0131\u015f g\u00fcc\u00fc, mod\u00fclasyonun (AM) do\u011fru \u00f6l\u00e7\u00fcm\u00fc. Tarama tonu izlemek i\u00e7in kulakl\u0131k ses \u00e7\u0131k\u0131\u015f\u0131 *<\/li>\n<li>406 MHz COSPAS \/ SARSAT acil durum verici frekans\u0131 ve \u00e7\u0131k\u0131\u015f g\u00fcc\u00fcn\u00fcn do\u011fru \u00f6l\u00e7\u00fcm\u00fc. T\u00fcm konum ve kullan\u0131c\u0131 protokollerinin kodunu \u00e7\u00f6zme ve g\u00f6r\u00fcnt\u00fcleme *<\/li>\n<li>HF vericisinin, frekans\u0131n, \u00e7\u0131k\u0131\u015f g\u00fcc\u00fcn\u00fcn, mod\u00fclasyonun (AM ve SSB USB \/ LSB) al\u0131c\u0131 hassasiyetinin do\u011fru \u00f6l\u00e7\u00fcm\u00fc<\/li>\n<li>VHF \/ UHF verici, frekans, \u00e7\u0131k\u0131\u015f g\u00fcc\u00fc, mod\u00fclasyonun (AM ve FM ve al\u0131c\u0131 hassasiyeti) do\u011fru \u00f6l\u00e7\u00fcm\u00fc<\/li>\n<li>ARINC 596 Se\u00e7ici Arama Tonlar\u0131n\u0131n \u00dcretimi<\/li>\n<li>VHF \/ UHF anten ve \/ veya besleyici SWR&#8217;nin do\u011fru \u00f6l\u00e7\u00fcm\u00fc<\/li>\n<li>De\u011fi\u015fken DDM ayarlar\u0131 ile Localizer ve Glideslope (CAT I, II ve III) sinyallerinin sim\u00fclasyonu<\/li>\n<li>Birle\u015ftirilmi\u015f Otomatik Pilot testi i\u00e7in Taramal\u0131 Localizer DDM (E\u015fzamanl\u0131 Yerelle\u015ftirici, Glideslope ve Marker sinyalleri)<\/li>\n<li>Marker Beacon, Se\u00e7ilebilir Havayollar\u0131 (Z), D\u0131\u015f ve Orta Marker Tonlar\u0131n\u0131n Sim\u00fclasyonu<\/li>\n<li>K\u0131lavuzlu Test kabiliyeti toplam test s\u00fcresini k\u0131salt\u0131r<\/li>\n<li>D\u00fc\u015f\u00fck maliyetli ELT se\u00e7ene\u011fi<\/li>\n<li>Frekans sayac\u0131 harici frekans \u00f6l\u00e7\u00fcm\u00fc sa\u011flar<\/li>\n<li>MORS KODU, VOR ve ILS localizer modunda iletilen 1-4 karakteri sa\u011flar<\/li>\n<li>Tekrar \u015farj etmeden \u00f6nce 8 veya daha fazla \u00e7al\u0131\u015fma saati<\/li>\n<li>Otomatik kapanma<\/li>\n<li>Ergonomik dizayn<\/li>\n<\/ul>\n","protected":false},"excerpt":{"rendered":"<p>IFR 4000 \u00fcretimden kalkm\u0131\u015f olup, onun yerine ve tam uyumlu VIAVI AVX-10K \u00f6nerilmektedir. IFR 4000 ILS, VOR, Marker Beacon ve VHF\/UHF haberle\u015fme \u00f6zellikleri ile aviyonik sistemlerini test etmek i\u00e7in k\u00fc\u00e7\u00fclt\u00fclm\u00fc\u015f, hafif ve su ge\u00e7irmez bir \u00fcnitedir. IFR 4000 d\u00f6rt kilodan az a\u011f\u0131rl\u0131\u011f\u0131, 8 saatlik uzun&#8230;<\/p>\n","protected":false},"featured_media":892,"template":"","meta":[],"product_brand":[],"product_cat":[46],"product_tag":[],"class_list":{"0":"post-409","1":"product","2":"type-product","3":"status-publish","4":"has-post-thumbnail","6":"product_cat-aviyonik","8":"first","9":"instock","10":"shipping-taxable","11":"product-type-simple"},"_links":{"self":[{"href":"https:\/\/www.orkoltd.com.tr\/ew\/wp-json\/wp\/v2\/product\/409","targetHints":{"allow":["GET"]}}],"collection":[{"href":"https:\/\/www.orkoltd.com.tr\/ew\/wp-json\/wp\/v2\/product"}],"about":[{"href":"https:\/\/www.orkoltd.com.tr\/ew\/wp-json\/wp\/v2\/types\/product"}],"wp:featuredmedia":[{"embeddable":true,"href":"https:\/\/www.orkoltd.com.tr\/ew\/wp-json\/wp\/v2\/media\/892"}],"wp:attachment":[{"href":"https:\/\/www.orkoltd.com.tr\/ew\/wp-json\/wp\/v2\/media?parent=409"}],"wp:term":[{"taxonomy":"product_brand","embeddable":true,"href":"https:\/\/www.orkoltd.com.tr\/ew\/wp-json\/wp\/v2\/product_brand?post=409"},{"taxonomy":"product_cat","embeddable":true,"href":"https:\/\/www.orkoltd.com.tr\/ew\/wp-json\/wp\/v2\/product_cat?post=409"},{"taxonomy":"product_tag","embeddable":true,"href":"https:\/\/www.orkoltd.com.tr\/ew\/wp-json\/wp\/v2\/product_tag?post=409"}],"curies":[{"name":"wp","href":"https:\/\/api.w.org\/{rel}","templated":true}]}}