{"id":583,"date":"2018-12-19T14:38:42","date_gmt":"2018-12-19T11:38:42","guid":{"rendered":"https:\/\/www.orkoltd.com.tr\/ew\/?post_type=product&#038;p=583"},"modified":"2026-02-12T13:42:44","modified_gmt":"2026-02-12T10:42:44","slug":"ifr-6000","status":"publish","type":"product","link":"https:\/\/www.orkoltd.com.tr\/ew\/urun\/ifr-6000\/","title":{"rendered":"IFR 6000 TRANSPONDER \/ DME \/ TCAS U\u00c7U\u015e HATTI TEST SET\u0130"},"content":{"rendered":"<h3 style=\"text-align: center;\">IFR 6000 \u00fcretimden kalkm\u0131\u015f olup, onun yerine ve tam uyumlu <strong><a href=\"https:\/\/orkoltd.com.tr\/ew\/urun\/avx-10k-ucus-hatti-test-seti\/\">VIAVI AVX-10K<\/a> <\/strong>\u00f6nerilmektedir.<\/h3>\n<p>IFR 6000, transponder modlar\u0131 A\/C\/S, 1090 MHz ADS-B ve 978 MHz UAT, TCAS I ve II ve ayr\u0131ca DME&#8217;yi test etmek i\u00e7in tasarlanm\u0131\u015f kompakt, hafif ve hava ko\u015fullar\u0131na dayan\u0131kl\u0131 bir cihazd\u0131r. IFR 6000, kullan\u0131c\u0131n\u0131n genellikle g\u00f6r\u00fcnt\u00fclemesi gereken her parametrenin ekranda g\u00f6r\u00fcnt\u00fclendi\u011fi, kullan\u0131m\u0131 son derece kolay bir aray\u00fcze sahiptir.<\/p>\n<p>IFR6000, ADS-B testi, FIS-B ve TIS-B testi de dahil olmak \u00fczere yeni nesil transponder testlerinin t\u00fcm gereklerini yerine getirebilen, pek \u00e7ok i\u015flevli \u00fczerinde toplayan tek test setidir. \u00c7o\u011fu test ana kullan\u0131c\u0131 ekranlar\u0131ndan ayr\u0131lmadan tamamlanabilir. Bu, \u00fcr\u00fcn teknisyeninin test g\u00f6revini basitle\u015ftirir.<\/p>\n<p>&nbsp;<\/p>\n<p><strong>\u00d6zellikleri<\/strong><\/p>\n<ul>\n<li>Bireysel test modlar\u0131: Mod S, ATCRBS Transponder, DME, TCAS, TIS, ADS-B MON \/ ADS-B GEN (DO-260A \/ B), 978MHz UAT<\/li>\n<li>Eldivenli kullan\u0131m i\u00e7in b\u00fcy\u00fck tu\u015flar<\/li>\n<li>Basit kullan\u0131c\u0131 aray\u00fcz\u00fc<\/li>\n<li>6 kg ile hafif ve kompakt<\/li>\n<li>Pil kullan\u0131m\u0131 6 saatten fazla<\/li>\n<li>Tamamen FAA FAR b\u00f6l\u00fcm 43 ek F uyumlu<\/li>\n<li>Transponder Otomatik Testi<\/li>\n<li>Transponder test sonu\u00e7lar\u0131n\u0131n PC&#8217;ye veri d\u00f6k\u00fcm\u00fc<\/li>\n<li>Temel ve Geli\u015fmi\u015f G\u00f6zetim parametreleri (DAP\u2019ler)<\/li>\n<li>Otomatik Test hatalar\u0131 s\u0131k\u0131nt\u0131s\u0131n\u0131 \u00f6nlemek i\u00e7in Transponder seviyesi otomatik olarak belirlenir ve yetenek kontrol edilir<\/li>\n<li>Kapsaml\u0131 GICB testi<\/li>\n<li>Farkl\u0131 transponder s\u0131n\u0131flar\u0131 i\u00e7in konfig\u00fcrasyon dosyalar\u0131<\/li>\n<li>\u0130z hassasiyeti dahil t\u00fcm DME kanallar\u0131n\u0131 kapsaml\u0131 bir \u015fekilde test eder<\/li>\n<li>Kullan\u0131c\u0131 taraf\u0131ndan se\u00e7ilebilir TCAS senaryolar\u0131<\/li>\n<li>TCAS h\u0131zl\u0131 senaryo \u00f6zelli\u011fi, s\u0131f\u0131r aral\u0131kta otomatik \u00e7arp\u0131\u015fma sa\u011flamak i\u00e7in Otomatik Rak\u0131m ve Yak\u0131nsama&#8217;y\u0131 kullan\u0131r<\/li>\n<li>Havadan veya do\u011frudan ba\u011flant\u0131 operasyonu<\/li>\n<li>TX g\u00fcc\u00fc ve frekans\u0131 dahil olmak \u00fczere parametrik \u00f6l\u00e7\u00fcmler<\/li>\n<li>Web sitesi arac\u0131l\u0131\u011f\u0131yla USB flash s\u00fcr\u00fcc\u00fc yaz\u0131l\u0131m\u0131 g\u00fcncellemesi<\/li>\n<li>\u0130ste\u011fe ba\u011fl\u0131 ADS-B yetenekleri DO-260A \/ B uyumludur<\/li>\n<li>\u0130ste\u011fe ba\u011fl\u0131 TCAS ve 978 MHz UAT \u00f6zelli\u011fi<\/li>\n<li>UC-584 kupl\u00f6r\u00fc kullanarak iste\u011fe ba\u011fl\u0131 test<\/li>\n<\/ul>\n<p>&nbsp;<\/p>\n<p><strong>Faydalar\u0131<\/strong><\/p>\n<ul>\n<li>FAA FAR B\u00f6l\u00fcm 43, ek F testini tamamen sa\u011flar<\/li>\n<li>ADS-B \/ UAT y\u00fckl\u00fc sistemlerin do\u011frulanmas\u0131<\/li>\n<li>\u0130ste\u011fe ba\u011fl\u0131 kupl\u00f6r ile ATC giri\u015fimini \u00f6nlemek<\/li>\n<li>Transponder test sonu\u00e7lar\u0131n\u0131n PC&#8217;ye veri d\u00f6k\u00fcm\u00fc<\/li>\n<li>Web sitesinde mevcut olan yaz\u0131l\u0131m g\u00fcncellemeleri<\/li>\n<\/ul>\n<p>&nbsp;<\/p>\n","protected":false},"excerpt":{"rendered":"<p>IFR 6000 \u00fcretimden kalkm\u0131\u015f olup, onun yerine ve tam uyumlu VIAVI AVX-10K \u00f6nerilmektedir. IFR 6000, transponder modlar\u0131 A\/C\/S, 1090 MHz ADS-B ve 978 MHz UAT, TCAS I ve II ve ayr\u0131ca DME&#8217;yi test etmek i\u00e7in tasarlanm\u0131\u015f kompakt, hafif ve hava ko\u015fullar\u0131na dayan\u0131kl\u0131 bir cihazd\u0131r. IFR&#8230;<\/p>\n","protected":false},"featured_media":879,"template":"","meta":[],"product_brand":[],"product_cat":[46],"product_tag":[29,78,77,81,79,76,82,27,80],"class_list":{"0":"post-583","1":"product","2":"type-product","3":"status-publish","4":"has-post-thumbnail","6":"product_cat-aviyonik","7":"product_tag-analyzer","8":"product_tag-avionics","9":"product_tag-avionics-equipment","10":"product_tag-dme","11":"product_tag-flight-line-test-set","12":"product_tag-havacilik-elektronigi","13":"product_tag-tcas","14":"product_tag-test","15":"product_tag-transponder","17":"first","18":"instock","19":"shipping-taxable","20":"product-type-simple"},"_links":{"self":[{"href":"https:\/\/www.orkoltd.com.tr\/ew\/wp-json\/wp\/v2\/product\/583","targetHints":{"allow":["GET"]}}],"collection":[{"href":"https:\/\/www.orkoltd.com.tr\/ew\/wp-json\/wp\/v2\/product"}],"about":[{"href":"https:\/\/www.orkoltd.com.tr\/ew\/wp-json\/wp\/v2\/types\/product"}],"wp:featuredmedia":[{"embeddable":true,"href":"https:\/\/www.orkoltd.com.tr\/ew\/wp-json\/wp\/v2\/media\/879"}],"wp:attachment":[{"href":"https:\/\/www.orkoltd.com.tr\/ew\/wp-json\/wp\/v2\/media?parent=583"}],"wp:term":[{"taxonomy":"product_brand","embeddable":true,"href":"https:\/\/www.orkoltd.com.tr\/ew\/wp-json\/wp\/v2\/product_brand?post=583"},{"taxonomy":"product_cat","embeddable":true,"href":"https:\/\/www.orkoltd.com.tr\/ew\/wp-json\/wp\/v2\/product_cat?post=583"},{"taxonomy":"product_tag","embeddable":true,"href":"https:\/\/www.orkoltd.com.tr\/ew\/wp-json\/wp\/v2\/product_tag?post=583"}],"curies":[{"name":"wp","href":"https:\/\/api.w.org\/{rel}","templated":true}]}}