{"id":608,"date":"2018-12-19T22:18:52","date_gmt":"2018-12-19T19:18:52","guid":{"rendered":"https:\/\/www.orkoltd.com.tr\/ew\/?post_type=product&#038;p=608"},"modified":"2026-02-12T14:56:29","modified_gmt":"2026-02-12T11:56:29","slug":"ifr-6015-askeri-ucus-hatti-test-seti","status":"publish","type":"product","link":"https:\/\/www.orkoltd.com.tr\/ew\/urun\/ifr-6015-askeri-ucus-hatti-test-seti\/","title":{"rendered":"IFR 6015 ASKER\u0130 U\u00c7U\u015e HATTI TEST SET\u0130"},"content":{"rendered":"<h3 style=\"text-align: center;\">IFR 6015 \u00fcretimden kalkm\u0131\u015f olup, onun yerine ve tam uyumlu <strong><a href=\"https:\/\/orkoltd.com.tr\/ew\/urun\/avx-10k-mil-askeri-ucus-hatti-test-seti\/\">VIAVI AVX-10K<\/a>-MIL <\/strong>\u00f6nerilmektedir.<\/h3>\n<p><em>Kullan\u0131c\u0131n\u0131n genel olarak g\u00f6r\u00fcnt\u00fclemesi gereken her parametrenin ekranda g\u00f6r\u00fcnt\u00fclendi\u011fi kullan\u0131m\u0131 kolay bir aray\u00fcze sahiptir<\/em><\/p>\n<p><em>Askeri IFF transponder modlar\u0131n\u0131 ve TACAN&#8217;\u0131 destekler<\/em><\/p>\n<p>&nbsp;<\/p>\n<p>IFR 6015, Transponder Modlar\u0131 (1,2,3A,C,S), TCAS (I,II, Askeri E-TCAS), TIS ve DME \/ TACAN&#8217;\u0131 test etmek i\u00e7in tasarlanm\u0131\u015f kompakt, hafif ve hava ko\u015fullar\u0131na dayan\u0131kl\u0131 bir \u00fcnitedir. T\u00fcm yeni \u00fcnitelerde IFF Modlar\u0131 1,2 ve TACAN standartt\u0131r, eskilere de eklenebilir. Ayr\u0131ca, ADS-B 1090 MHz, UAT 978 MHz testleri de eklenebilir.\u00a0Kullan\u0131c\u0131n\u0131n ihtiyac\u0131 olan her parametrenin ekranda g\u00f6r\u00fcnt\u00fclendi\u011fi, kullan\u0131m\u0131 son derece kolay bir aray\u00fcze sahiptir.<\/p>\n<p>&nbsp;<\/p>\n<p><strong>Neler test edilir<\/strong><\/p>\n<ul>\n<li>TACAN Test Setlerinin bu modlar\u0131 em\u00fcle edilir: Generic DoD, AN\/ASM-663, AN\/ ARM-184, Bradley 2650 &amp; 2655<\/li>\n<li>A\u015fa\u011f\u0131dakilerin performans\u0131 kontrol edilebilir:\n<ul>\n<li>MK10A, MK12 ve MK12\/S IFF Transponderleri (Mod 4 hari\u00e7)<\/li>\n<li>Mod S, ATCRBS, ADS-B ve UAT transponderleri<\/li>\n<li>TACAN T\/R &amp; A\/A Sorgulay\u0131c\u0131lar<\/li>\n<li>DME A\/A Sorgulay\u0131c\u0131lar\u0131<\/li>\n<li>Hedef olu\u015fturma yoluyla ADS-B ve UAT al\u0131c\u0131lar\u0131<\/li>\n<li>TIS, TCAS I veya II ve E-TCAS sistemleri<\/li>\n<\/ul>\n<\/li>\n<\/ul>\n<p>&nbsp;<\/p>\n<p><strong>Uygulama<\/strong><\/p>\n<p>Uzaktan Test: IFR6015, test setine monte edilebilecek, elde tutulabilecek veya tripod monte edilebilecek hafif, tamamen kapal\u0131 bir y\u00f6nl\u00fc anten ile birlikte verilir.<\/p>\n<p>Do\u011frudan ba\u011flant\u0131 ile test: IFR6015, test edilecek \u00fcniteye RF ucu \u00fczerinden yan\u0131nda gelen bir RF koaksiyel kablo ile do\u011frudan ba\u011flanabilir.<\/p>\n<p>Kupl\u00f6r kullanarak do\u011frudan ba\u011flant\u0131 ile test: \u0130zole edilmi\u015f test, \u00e7e\u015fitli sistemler i\u00e7in iste\u011fe ba\u011fl\u0131 bir tekli veya ikili kupl\u00f6r kiti kullan\u0131larak ger\u00e7ekle\u015ftirilebilir.<\/p>\n","protected":false},"excerpt":{"rendered":"<p>IFR6015 Askeri U\u00e7u\u015f Hatt\u0131 Test Seti<\/p>\n","protected":false},"featured_media":623,"template":"","meta":[],"product_brand":[],"product_cat":[46],"product_tag":[88,78,77,81,101,89,90,100,82,27,80,32],"class_list":{"0":"post-608","1":"product","2":"type-product","3":"status-publish","4":"has-post-thumbnail","6":"product_cat-aviyonik","7":"product_tag-askeri","8":"product_tag-avionics","9":"product_tag-avionics-equipment","10":"product_tag-dme","11":"product_tag-iff","12":"product_tag-mil-spec","13":"product_tag-military-standard","14":"product_tag-tacan","15":"product_tag-tcas","16":"product_tag-test","17":"product_tag-transponder","18":"product_tag-viavi","20":"first","21":"instock","22":"shipping-taxable","23":"product-type-simple"},"_links":{"self":[{"href":"https:\/\/www.orkoltd.com.tr\/ew\/wp-json\/wp\/v2\/product\/608","targetHints":{"allow":["GET"]}}],"collection":[{"href":"https:\/\/www.orkoltd.com.tr\/ew\/wp-json\/wp\/v2\/product"}],"about":[{"href":"https:\/\/www.orkoltd.com.tr\/ew\/wp-json\/wp\/v2\/types\/product"}],"wp:featuredmedia":[{"embeddable":true,"href":"https:\/\/www.orkoltd.com.tr\/ew\/wp-json\/wp\/v2\/media\/623"}],"wp:attachment":[{"href":"https:\/\/www.orkoltd.com.tr\/ew\/wp-json\/wp\/v2\/media?parent=608"}],"wp:term":[{"taxonomy":"product_brand","embeddable":true,"href":"https:\/\/www.orkoltd.com.tr\/ew\/wp-json\/wp\/v2\/product_brand?post=608"},{"taxonomy":"product_cat","embeddable":true,"href":"https:\/\/www.orkoltd.com.tr\/ew\/wp-json\/wp\/v2\/product_cat?post=608"},{"taxonomy":"product_tag","embeddable":true,"href":"https:\/\/www.orkoltd.com.tr\/ew\/wp-json\/wp\/v2\/product_tag?post=608"}],"curies":[{"name":"wp","href":"https:\/\/api.w.org\/{rel}","templated":true}]}}